{"id":34250,"date":"2024-12-10T13:56:56","date_gmt":"2024-12-10T12:56:56","guid":{"rendered":"https:\/\/bellissima.net.pl\/salon\/?post_type=product&#038;p=34250"},"modified":"2026-01-27T15:19:13","modified_gmt":"2026-01-27T14:19:13","slug":"zabieg-eye-lift","status":"publish","type":"product","link":"https:\/\/bellissima.net.pl\/salon\/product\/zabieg-eye-lift\/","title":{"rendered":"Zabieg Eye Lift"},"content":{"rendered":"<p>Zaproszenie na zabieg Eye Lift na zmarszczki i cienie pod oczami.<\/p>\n<p>Zabieg odm\u0142adzaj\u0105cy okolice wok\u00f3\u0142 oczu. Wype\u0142nia zmarszczki i wyg\u0142adza zmarszczki mimiczne. Zmniejsza widoczno\u015b\u0107 opuchni\u0119\u0107 i cieni pod oczami. Minimalizuje opadanie g\u00f3rnej powieki. Produkty opracowane specjalnie dla obszaru wok\u00f3\u0142 oczu, doskonale tolerowane przez sk\u00f3r\u0119, co zapewnia maksymaln\u0105 skuteczno\u015b\u0107 zabiegow\u0105.<\/p>\n","protected":false},"excerpt":{"rendered":"<p>Zaproszenie na zabieg Eye Lift na zmarszczki i cienie pod oczami. Zabieg odm\u0142adzaj\u0105cy okolice wok\u00f3\u0142 oczu. Wype\u0142nia zmarszczki i wyg\u0142adza zmarszczki mimiczne. Zmniejsza widoczno\u015b\u0107 opuchni\u0119\u0107 i cieni pod oczami. Minimalizuje [&hellip;]<\/p>\n","protected":false},"featured_media":34258,"template":"","meta":[],"product_brand":[],"product_cat":[594],"product_tag":[],"class_list":{"0":"post-34250","1":"product","2":"type-product","3":"status-publish","4":"has-post-thumbnail","6":"product_cat-zabiegi-na-twarz","9":"first","10":"instock","11":"shipping-taxable","12":"purchasable","13":"product-type-variable"},"yoast_head":"<!-- This site is optimized with the Yoast SEO plugin v27.4 - https:\/\/yoast.com\/product\/yoast-seo-wordpress\/ -->\n<title>Zabieg Eye Lift - Salon Pi\u0119kno\u015bci ~~Bellissima~~<\/title>\n<meta name=\"robots\" content=\"index, follow, max-snippet:-1, max-image-preview:large, max-video-preview:-1\" \/>\n<link rel=\"canonical\" href=\"https:\/\/bellissima.net.pl\/salon\/product\/zabieg-eye-lift\/\" \/>\n<meta property=\"og:locale\" content=\"pl_PL\" \/>\n<meta property=\"og:type\" content=\"article\" \/>\n<meta property=\"og:title\" content=\"Zabieg Eye Lift - Salon Pi\u0119kno\u015bci ~~Bellissima~~\" \/>\n<meta property=\"og:description\" content=\"Zaproszenie na zabieg Eye Lift na zmarszczki i cienie pod oczami. Zabieg odm\u0142adzaj\u0105cy okolice wok\u00f3\u0142 oczu. Wype\u0142nia zmarszczki i wyg\u0142adza zmarszczki mimiczne. Zmniejsza widoczno\u015b\u0107 opuchni\u0119\u0107 i cieni pod oczami. Minimalizuje [&hellip;]\" \/>\n<meta property=\"og:url\" content=\"https:\/\/bellissima.net.pl\/salon\/product\/zabieg-eye-lift\/\" \/>\n<meta property=\"og:site_name\" content=\"Salon Pi\u0119kno\u015bci ~~Bellissima~~\" \/>\n<meta property=\"article:publisher\" content=\"https:\/\/www.facebook.com\/bellissima.salon.pieknosci\" \/>\n<meta property=\"article:modified_time\" content=\"2026-01-27T14:19:13+00:00\" \/>\n<meta property=\"og:image\" content=\"https:\/\/bellissima.net.pl\/salon\/wp-content\/uploads\/2024\/12\/MP_2096-Editar-scaled-1.jpg\" \/>\n\t<meta property=\"og:image:width\" content=\"2560\" \/>\n\t<meta property=\"og:image:height\" content=\"1707\" \/>\n\t<meta property=\"og:image:type\" content=\"image\/jpeg\" \/>\n<meta name=\"twitter:card\" content=\"summary_large_image\" \/>\n<meta name=\"twitter:label1\" content=\"Szacowany czas czytania\" \/>\n\t<meta name=\"twitter:data1\" content=\"1 minuta\" \/>\n<script type=\"application\/ld+json\" class=\"yoast-schema-graph\">{\"@context\":\"https:\\\/\\\/schema.org\",\"@graph\":[{\"@type\":\"WebPage\",\"@id\":\"https:\\\/\\\/bellissima.net.pl\\\/salon\\\/product\\\/zabieg-eye-lift\\\/\",\"url\":\"https:\\\/\\\/bellissima.net.pl\\\/salon\\\/product\\\/zabieg-eye-lift\\\/\",\"name\":\"Zabieg Eye Lift - Salon Pi\u0119kno\u015bci ~~Bellissima~~\",\"isPartOf\":{\"@id\":\"https:\\\/\\\/bellissima.net.pl\\\/salon\\\/#website\"},\"primaryImageOfPage\":{\"@id\":\"https:\\\/\\\/bellissima.net.pl\\\/salon\\\/product\\\/zabieg-eye-lift\\\/#primaryimage\"},\"image\":{\"@id\":\"https:\\\/\\\/bellissima.net.pl\\\/salon\\\/product\\\/zabieg-eye-lift\\\/#primaryimage\"},\"thumbnailUrl\":\"https:\\\/\\\/bellissima.net.pl\\\/salon\\\/wp-content\\\/uploads\\\/2024\\\/12\\\/MP_2096-Editar-scaled-1.jpg\",\"datePublished\":\"2024-12-10T12:56:56+00:00\",\"dateModified\":\"2026-01-27T14:19:13+00:00\",\"breadcrumb\":{\"@id\":\"https:\\\/\\\/bellissima.net.pl\\\/salon\\\/product\\\/zabieg-eye-lift\\\/#breadcrumb\"},\"inLanguage\":\"pl-PL\",\"potentialAction\":[{\"@type\":\"ReadAction\",\"target\":[\"https:\\\/\\\/bellissima.net.pl\\\/salon\\\/product\\\/zabieg-eye-lift\\\/\"]}]},{\"@type\":\"ImageObject\",\"inLanguage\":\"pl-PL\",\"@id\":\"https:\\\/\\\/bellissima.net.pl\\\/salon\\\/product\\\/zabieg-eye-lift\\\/#primaryimage\",\"url\":\"https:\\\/\\\/bellissima.net.pl\\\/salon\\\/wp-content\\\/uploads\\\/2024\\\/12\\\/MP_2096-Editar-scaled-1.jpg\",\"contentUrl\":\"https:\\\/\\\/bellissima.net.pl\\\/salon\\\/wp-content\\\/uploads\\\/2024\\\/12\\\/MP_2096-Editar-scaled-1.jpg\",\"width\":2560,\"height\":1707},{\"@type\":\"BreadcrumbList\",\"@id\":\"https:\\\/\\\/bellissima.net.pl\\\/salon\\\/product\\\/zabieg-eye-lift\\\/#breadcrumb\",\"itemListElement\":[{\"@type\":\"ListItem\",\"position\":1,\"name\":\"Strona g\u0142\u00f3wna\",\"item\":\"https:\\\/\\\/bellissima.net.pl\\\/salon\\\/\"},{\"@type\":\"ListItem\",\"position\":2,\"name\":\"Kup zaproszenie\",\"item\":\"https:\\\/\\\/bellissima.net.pl\\\/salon\\\/kup-zaproszenie\\\/\"},{\"@type\":\"ListItem\",\"position\":3,\"name\":\"Zabieg Eye Lift\"}]},{\"@type\":\"WebSite\",\"@id\":\"https:\\\/\\\/bellissima.net.pl\\\/salon\\\/#website\",\"url\":\"https:\\\/\\\/bellissima.net.pl\\\/salon\\\/\",\"name\":\"Salon Pi\u0119kno\u015bci ~~Bellissima~~\",\"description\":\"Beata Chrz\u0105stek\",\"publisher\":{\"@id\":\"https:\\\/\\\/bellissima.net.pl\\\/salon\\\/#organization\"},\"potentialAction\":[{\"@type\":\"SearchAction\",\"target\":{\"@type\":\"EntryPoint\",\"urlTemplate\":\"https:\\\/\\\/bellissima.net.pl\\\/salon\\\/?s={search_term_string}\"},\"query-input\":{\"@type\":\"PropertyValueSpecification\",\"valueRequired\":true,\"valueName\":\"search_term_string\"}}],\"inLanguage\":\"pl-PL\"},{\"@type\":\"Organization\",\"@id\":\"https:\\\/\\\/bellissima.net.pl\\\/salon\\\/#organization\",\"name\":\"Salon Pi\u0119kno\u015bci Bellissima - Beata Chrz\u0105stek\",\"url\":\"https:\\\/\\\/bellissima.net.pl\\\/salon\\\/\",\"logo\":{\"@type\":\"ImageObject\",\"inLanguage\":\"pl-PL\",\"@id\":\"https:\\\/\\\/bellissima.net.pl\\\/salon\\\/#\\\/schema\\\/logo\\\/image\\\/\",\"url\":\"https:\\\/\\\/bellissima.net.pl\\\/salon\\\/wp-content\\\/uploads\\\/2022\\\/04\\\/log-black-2-1.png\",\"contentUrl\":\"https:\\\/\\\/bellissima.net.pl\\\/salon\\\/wp-content\\\/uploads\\\/2022\\\/04\\\/log-black-2-1.png\",\"width\":250,\"height\":108,\"caption\":\"Salon Pi\u0119kno\u015bci Bellissima - Beata Chrz\u0105stek\"},\"image\":{\"@id\":\"https:\\\/\\\/bellissima.net.pl\\\/salon\\\/#\\\/schema\\\/logo\\\/image\\\/\"},\"sameAs\":[\"https:\\\/\\\/www.facebook.com\\\/bellissima.salon.pieknosci\",\"https:\\\/\\\/www.instagram.com\\\/bellissima_salon_pieknosci\\\/\"]}]}<\/script>\n<!-- \/ Yoast SEO plugin. -->","yoast_head_json":{"title":"Zabieg Eye Lift - Salon Pi\u0119kno\u015bci ~~Bellissima~~","robots":{"index":"index","follow":"follow","max-snippet":"max-snippet:-1","max-image-preview":"max-image-preview:large","max-video-preview":"max-video-preview:-1"},"canonical":"https:\/\/bellissima.net.pl\/salon\/product\/zabieg-eye-lift\/","og_locale":"pl_PL","og_type":"article","og_title":"Zabieg Eye Lift - Salon Pi\u0119kno\u015bci ~~Bellissima~~","og_description":"Zaproszenie na zabieg Eye Lift na zmarszczki i cienie pod oczami. Zabieg odm\u0142adzaj\u0105cy okolice wok\u00f3\u0142 oczu. Wype\u0142nia zmarszczki i wyg\u0142adza zmarszczki mimiczne. Zmniejsza widoczno\u015b\u0107 opuchni\u0119\u0107 i cieni pod oczami. Minimalizuje [&hellip;]","og_url":"https:\/\/bellissima.net.pl\/salon\/product\/zabieg-eye-lift\/","og_site_name":"Salon Pi\u0119kno\u015bci ~~Bellissima~~","article_publisher":"https:\/\/www.facebook.com\/bellissima.salon.pieknosci","article_modified_time":"2026-01-27T14:19:13+00:00","og_image":[{"width":2560,"height":1707,"url":"https:\/\/bellissima.net.pl\/salon\/wp-content\/uploads\/2024\/12\/MP_2096-Editar-scaled-1.jpg","type":"image\/jpeg"}],"twitter_card":"summary_large_image","twitter_misc":{"Szacowany czas czytania":"1 minuta"},"schema":{"@context":"https:\/\/schema.org","@graph":[{"@type":"WebPage","@id":"https:\/\/bellissima.net.pl\/salon\/product\/zabieg-eye-lift\/","url":"https:\/\/bellissima.net.pl\/salon\/product\/zabieg-eye-lift\/","name":"Zabieg Eye Lift - Salon Pi\u0119kno\u015bci ~~Bellissima~~","isPartOf":{"@id":"https:\/\/bellissima.net.pl\/salon\/#website"},"primaryImageOfPage":{"@id":"https:\/\/bellissima.net.pl\/salon\/product\/zabieg-eye-lift\/#primaryimage"},"image":{"@id":"https:\/\/bellissima.net.pl\/salon\/product\/zabieg-eye-lift\/#primaryimage"},"thumbnailUrl":"https:\/\/bellissima.net.pl\/salon\/wp-content\/uploads\/2024\/12\/MP_2096-Editar-scaled-1.jpg","datePublished":"2024-12-10T12:56:56+00:00","dateModified":"2026-01-27T14:19:13+00:00","breadcrumb":{"@id":"https:\/\/bellissima.net.pl\/salon\/product\/zabieg-eye-lift\/#breadcrumb"},"inLanguage":"pl-PL","potentialAction":[{"@type":"ReadAction","target":["https:\/\/bellissima.net.pl\/salon\/product\/zabieg-eye-lift\/"]}]},{"@type":"ImageObject","inLanguage":"pl-PL","@id":"https:\/\/bellissima.net.pl\/salon\/product\/zabieg-eye-lift\/#primaryimage","url":"https:\/\/bellissima.net.pl\/salon\/wp-content\/uploads\/2024\/12\/MP_2096-Editar-scaled-1.jpg","contentUrl":"https:\/\/bellissima.net.pl\/salon\/wp-content\/uploads\/2024\/12\/MP_2096-Editar-scaled-1.jpg","width":2560,"height":1707},{"@type":"BreadcrumbList","@id":"https:\/\/bellissima.net.pl\/salon\/product\/zabieg-eye-lift\/#breadcrumb","itemListElement":[{"@type":"ListItem","position":1,"name":"Strona g\u0142\u00f3wna","item":"https:\/\/bellissima.net.pl\/salon\/"},{"@type":"ListItem","position":2,"name":"Kup zaproszenie","item":"https:\/\/bellissima.net.pl\/salon\/kup-zaproszenie\/"},{"@type":"ListItem","position":3,"name":"Zabieg Eye Lift"}]},{"@type":"WebSite","@id":"https:\/\/bellissima.net.pl\/salon\/#website","url":"https:\/\/bellissima.net.pl\/salon\/","name":"Salon Pi\u0119kno\u015bci ~~Bellissima~~","description":"Beata Chrz\u0105stek","publisher":{"@id":"https:\/\/bellissima.net.pl\/salon\/#organization"},"potentialAction":[{"@type":"SearchAction","target":{"@type":"EntryPoint","urlTemplate":"https:\/\/bellissima.net.pl\/salon\/?s={search_term_string}"},"query-input":{"@type":"PropertyValueSpecification","valueRequired":true,"valueName":"search_term_string"}}],"inLanguage":"pl-PL"},{"@type":"Organization","@id":"https:\/\/bellissima.net.pl\/salon\/#organization","name":"Salon Pi\u0119kno\u015bci Bellissima - Beata Chrz\u0105stek","url":"https:\/\/bellissima.net.pl\/salon\/","logo":{"@type":"ImageObject","inLanguage":"pl-PL","@id":"https:\/\/bellissima.net.pl\/salon\/#\/schema\/logo\/image\/","url":"https:\/\/bellissima.net.pl\/salon\/wp-content\/uploads\/2022\/04\/log-black-2-1.png","contentUrl":"https:\/\/bellissima.net.pl\/salon\/wp-content\/uploads\/2022\/04\/log-black-2-1.png","width":250,"height":108,"caption":"Salon Pi\u0119kno\u015bci Bellissima - Beata Chrz\u0105stek"},"image":{"@id":"https:\/\/bellissima.net.pl\/salon\/#\/schema\/logo\/image\/"},"sameAs":["https:\/\/www.facebook.com\/bellissima.salon.pieknosci","https:\/\/www.instagram.com\/bellissima_salon_pieknosci\/"]}]}},"jetpack_sharing_enabled":true,"_links":{"self":[{"href":"https:\/\/bellissima.net.pl\/salon\/wp-json\/wp\/v2\/product\/34250","targetHints":{"allow":["GET"]}}],"collection":[{"href":"https:\/\/bellissima.net.pl\/salon\/wp-json\/wp\/v2\/product"}],"about":[{"href":"https:\/\/bellissima.net.pl\/salon\/wp-json\/wp\/v2\/types\/product"}],"wp:featuredmedia":[{"embeddable":true,"href":"https:\/\/bellissima.net.pl\/salon\/wp-json\/wp\/v2\/media\/34258"}],"wp:attachment":[{"href":"https:\/\/bellissima.net.pl\/salon\/wp-json\/wp\/v2\/media?parent=34250"}],"wp:term":[{"taxonomy":"product_brand","embeddable":true,"href":"https:\/\/bellissima.net.pl\/salon\/wp-json\/wp\/v2\/product_brand?post=34250"},{"taxonomy":"product_cat","embeddable":true,"href":"https:\/\/bellissima.net.pl\/salon\/wp-json\/wp\/v2\/product_cat?post=34250"},{"taxonomy":"product_tag","embeddable":true,"href":"https:\/\/bellissima.net.pl\/salon\/wp-json\/wp\/v2\/product_tag?post=34250"}],"curies":[{"name":"wp","href":"https:\/\/api.w.org\/{rel}","templated":true}]}}