{"id":33807,"date":"2024-01-20T09:32:10","date_gmt":"2024-01-20T08:32:10","guid":{"rendered":"https:\/\/bellissima.net.pl\/salon\/?post_type=product&#038;p=33807"},"modified":"2026-01-27T15:25:17","modified_gmt":"2026-01-27T14:25:17","slug":"bioline-jato-de-sense","status":"publish","type":"product","link":"https:\/\/bellissima.net.pl\/salon\/product\/bioline-jato-de-sense\/","title":{"rendered":"Bioline Jato &#8211; De-sense"},"content":{"rendered":"<p>De-sense to zabieg, kt\u00f3ry przynosi natychmiastow\u0105 ulg\u0119 sk\u00f3rze. Idealny dla sk\u00f3ry nadwra\u017cliwej, suchej wymagaj\u0105cej intensywnego nawil\u017cenia.<\/p>\n<p>EFEKTY:<\/p>\n<ul>\n<li>g\u0142\u0119bokie nawil\u017cenie,<\/li>\n<li>natychmiast koi i uspokaja,<\/li>\n<li>niweluje oznaki nadwra\u017cliwo\u015bci sk\u00f3ry,<\/li>\n<li>sk\u00f3ra staje si\u0119 j\u0119drniejsza.<\/li>\n<\/ul>\n","protected":false},"excerpt":{"rendered":"<div class=\"woocommerce-product-details__short-description\">\n<p>Czas trwania zabiegu 60min<\/p>\n<p>Data wa\u017cno\u015bci zaproszenia do 365 dni.<\/p>\n<p>Ka\u017cde zaproszenie na konkretny zabieg mo\u017ce by\u0107 wys\u0142ane w formie pliku PDF do pobrania. Opcja ta jest do zaznaczenia w nast\u0119pnym kroku zakup\u00f3w.<\/p>\n<\/div>\n","protected":false},"featured_media":32449,"template":"","meta":[],"product_brand":[],"product_cat":[594],"product_tag":[],"class_list":{"0":"post-33807","1":"product","2":"type-product","3":"status-publish","4":"has-post-thumbnail","6":"product_cat-zabiegi-na-twarz","9":"first","10":"instock","11":"downloadable","12":"shipping-taxable","13":"purchasable","14":"product-type-simple"},"yoast_head":"<!-- This site is optimized with the Yoast SEO plugin v27.4 - https:\/\/yoast.com\/product\/yoast-seo-wordpress\/ -->\n<title>Bioline Jato - De-sense - Salon Pi\u0119kno\u015bci ~~Bellissima~~<\/title>\n<meta name=\"robots\" content=\"index, follow, max-snippet:-1, max-image-preview:large, max-video-preview:-1\" \/>\n<link rel=\"canonical\" href=\"https:\/\/bellissima.net.pl\/salon\/product\/bioline-jato-de-sense\/\" \/>\n<meta property=\"og:locale\" content=\"pl_PL\" \/>\n<meta property=\"og:type\" content=\"article\" \/>\n<meta property=\"og:title\" content=\"Bioline Jato - De-sense - Salon Pi\u0119kno\u015bci ~~Bellissima~~\" \/>\n<meta property=\"og:description\" content=\"Czas trwania zabiegu 60min  Data wa\u017cno\u015bci zaproszenia do 365 dni.  Ka\u017cde zaproszenie na konkretny zabieg mo\u017ce by\u0107 wys\u0142ane w formie pliku PDF do pobrania. Opcja ta jest do zaznaczenia w nast\u0119pnym kroku zakup\u00f3w.\" \/>\n<meta property=\"og:url\" content=\"https:\/\/bellissima.net.pl\/salon\/product\/bioline-jato-de-sense\/\" \/>\n<meta property=\"og:site_name\" content=\"Salon Pi\u0119kno\u015bci ~~Bellissima~~\" \/>\n<meta property=\"article:publisher\" content=\"https:\/\/www.facebook.com\/bellissima.salon.pieknosci\" \/>\n<meta property=\"article:modified_time\" content=\"2026-01-27T14:25:17+00:00\" \/>\n<meta property=\"og:image\" content=\"https:\/\/bellissima.net.pl\/salon\/wp-content\/uploads\/2021\/11\/a-peel_baner1.jpg\" \/>\n\t<meta property=\"og:image:width\" content=\"1238\" \/>\n\t<meta property=\"og:image:height\" content=\"686\" \/>\n\t<meta property=\"og:image:type\" content=\"image\/jpeg\" \/>\n<meta name=\"twitter:card\" content=\"summary_large_image\" \/>\n<meta name=\"twitter:label1\" content=\"Szacowany czas czytania\" \/>\n\t<meta name=\"twitter:data1\" content=\"1 minuta\" \/>\n<script type=\"application\/ld+json\" class=\"yoast-schema-graph\">{\"@context\":\"https:\\\/\\\/schema.org\",\"@graph\":[{\"@type\":\"WebPage\",\"@id\":\"https:\\\/\\\/bellissima.net.pl\\\/salon\\\/product\\\/bioline-jato-de-sense\\\/\",\"url\":\"https:\\\/\\\/bellissima.net.pl\\\/salon\\\/product\\\/bioline-jato-de-sense\\\/\",\"name\":\"Bioline Jato - De-sense - Salon Pi\u0119kno\u015bci ~~Bellissima~~\",\"isPartOf\":{\"@id\":\"https:\\\/\\\/bellissima.net.pl\\\/salon\\\/#website\"},\"primaryImageOfPage\":{\"@id\":\"https:\\\/\\\/bellissima.net.pl\\\/salon\\\/product\\\/bioline-jato-de-sense\\\/#primaryimage\"},\"image\":{\"@id\":\"https:\\\/\\\/bellissima.net.pl\\\/salon\\\/product\\\/bioline-jato-de-sense\\\/#primaryimage\"},\"thumbnailUrl\":\"https:\\\/\\\/bellissima.net.pl\\\/salon\\\/wp-content\\\/uploads\\\/2021\\\/11\\\/a-peel_baner1.jpg\",\"datePublished\":\"2024-01-20T08:32:10+00:00\",\"dateModified\":\"2026-01-27T14:25:17+00:00\",\"breadcrumb\":{\"@id\":\"https:\\\/\\\/bellissima.net.pl\\\/salon\\\/product\\\/bioline-jato-de-sense\\\/#breadcrumb\"},\"inLanguage\":\"pl-PL\",\"potentialAction\":[{\"@type\":\"ReadAction\",\"target\":[\"https:\\\/\\\/bellissima.net.pl\\\/salon\\\/product\\\/bioline-jato-de-sense\\\/\"]}]},{\"@type\":\"ImageObject\",\"inLanguage\":\"pl-PL\",\"@id\":\"https:\\\/\\\/bellissima.net.pl\\\/salon\\\/product\\\/bioline-jato-de-sense\\\/#primaryimage\",\"url\":\"https:\\\/\\\/bellissima.net.pl\\\/salon\\\/wp-content\\\/uploads\\\/2021\\\/11\\\/a-peel_baner1.jpg\",\"contentUrl\":\"https:\\\/\\\/bellissima.net.pl\\\/salon\\\/wp-content\\\/uploads\\\/2021\\\/11\\\/a-peel_baner1.jpg\",\"width\":1238,\"height\":686,\"caption\":\"Salon Pi\u0119kno\u015bci Bellissima\"},{\"@type\":\"BreadcrumbList\",\"@id\":\"https:\\\/\\\/bellissima.net.pl\\\/salon\\\/product\\\/bioline-jato-de-sense\\\/#breadcrumb\",\"itemListElement\":[{\"@type\":\"ListItem\",\"position\":1,\"name\":\"Strona g\u0142\u00f3wna\",\"item\":\"https:\\\/\\\/bellissima.net.pl\\\/salon\\\/\"},{\"@type\":\"ListItem\",\"position\":2,\"name\":\"Kup zaproszenie\",\"item\":\"https:\\\/\\\/bellissima.net.pl\\\/salon\\\/kup-zaproszenie\\\/\"},{\"@type\":\"ListItem\",\"position\":3,\"name\":\"Bioline Jato &#8211; De-sense\"}]},{\"@type\":\"WebSite\",\"@id\":\"https:\\\/\\\/bellissima.net.pl\\\/salon\\\/#website\",\"url\":\"https:\\\/\\\/bellissima.net.pl\\\/salon\\\/\",\"name\":\"Salon Pi\u0119kno\u015bci ~~Bellissima~~\",\"description\":\"Beata Chrz\u0105stek\",\"publisher\":{\"@id\":\"https:\\\/\\\/bellissima.net.pl\\\/salon\\\/#organization\"},\"potentialAction\":[{\"@type\":\"SearchAction\",\"target\":{\"@type\":\"EntryPoint\",\"urlTemplate\":\"https:\\\/\\\/bellissima.net.pl\\\/salon\\\/?s={search_term_string}\"},\"query-input\":{\"@type\":\"PropertyValueSpecification\",\"valueRequired\":true,\"valueName\":\"search_term_string\"}}],\"inLanguage\":\"pl-PL\"},{\"@type\":\"Organization\",\"@id\":\"https:\\\/\\\/bellissima.net.pl\\\/salon\\\/#organization\",\"name\":\"Salon Pi\u0119kno\u015bci Bellissima - Beata Chrz\u0105stek\",\"url\":\"https:\\\/\\\/bellissima.net.pl\\\/salon\\\/\",\"logo\":{\"@type\":\"ImageObject\",\"inLanguage\":\"pl-PL\",\"@id\":\"https:\\\/\\\/bellissima.net.pl\\\/salon\\\/#\\\/schema\\\/logo\\\/image\\\/\",\"url\":\"https:\\\/\\\/bellissima.net.pl\\\/salon\\\/wp-content\\\/uploads\\\/2022\\\/04\\\/log-black-2-1.png\",\"contentUrl\":\"https:\\\/\\\/bellissima.net.pl\\\/salon\\\/wp-content\\\/uploads\\\/2022\\\/04\\\/log-black-2-1.png\",\"width\":250,\"height\":108,\"caption\":\"Salon Pi\u0119kno\u015bci Bellissima - Beata Chrz\u0105stek\"},\"image\":{\"@id\":\"https:\\\/\\\/bellissima.net.pl\\\/salon\\\/#\\\/schema\\\/logo\\\/image\\\/\"},\"sameAs\":[\"https:\\\/\\\/www.facebook.com\\\/bellissima.salon.pieknosci\",\"https:\\\/\\\/www.instagram.com\\\/bellissima_salon_pieknosci\\\/\"]}]}<\/script>\n<!-- \/ Yoast SEO plugin. -->","yoast_head_json":{"title":"Bioline Jato - De-sense - Salon Pi\u0119kno\u015bci ~~Bellissima~~","robots":{"index":"index","follow":"follow","max-snippet":"max-snippet:-1","max-image-preview":"max-image-preview:large","max-video-preview":"max-video-preview:-1"},"canonical":"https:\/\/bellissima.net.pl\/salon\/product\/bioline-jato-de-sense\/","og_locale":"pl_PL","og_type":"article","og_title":"Bioline Jato - De-sense - Salon Pi\u0119kno\u015bci ~~Bellissima~~","og_description":"Czas trwania zabiegu 60min  Data wa\u017cno\u015bci zaproszenia do 365 dni.  Ka\u017cde zaproszenie na konkretny zabieg mo\u017ce by\u0107 wys\u0142ane w formie pliku PDF do pobrania. Opcja ta jest do zaznaczenia w nast\u0119pnym kroku zakup\u00f3w.","og_url":"https:\/\/bellissima.net.pl\/salon\/product\/bioline-jato-de-sense\/","og_site_name":"Salon Pi\u0119kno\u015bci ~~Bellissima~~","article_publisher":"https:\/\/www.facebook.com\/bellissima.salon.pieknosci","article_modified_time":"2026-01-27T14:25:17+00:00","og_image":[{"width":1238,"height":686,"url":"https:\/\/bellissima.net.pl\/salon\/wp-content\/uploads\/2021\/11\/a-peel_baner1.jpg","type":"image\/jpeg"}],"twitter_card":"summary_large_image","twitter_misc":{"Szacowany czas czytania":"1 minuta"},"schema":{"@context":"https:\/\/schema.org","@graph":[{"@type":"WebPage","@id":"https:\/\/bellissima.net.pl\/salon\/product\/bioline-jato-de-sense\/","url":"https:\/\/bellissima.net.pl\/salon\/product\/bioline-jato-de-sense\/","name":"Bioline Jato - De-sense - Salon Pi\u0119kno\u015bci ~~Bellissima~~","isPartOf":{"@id":"https:\/\/bellissima.net.pl\/salon\/#website"},"primaryImageOfPage":{"@id":"https:\/\/bellissima.net.pl\/salon\/product\/bioline-jato-de-sense\/#primaryimage"},"image":{"@id":"https:\/\/bellissima.net.pl\/salon\/product\/bioline-jato-de-sense\/#primaryimage"},"thumbnailUrl":"https:\/\/bellissima.net.pl\/salon\/wp-content\/uploads\/2021\/11\/a-peel_baner1.jpg","datePublished":"2024-01-20T08:32:10+00:00","dateModified":"2026-01-27T14:25:17+00:00","breadcrumb":{"@id":"https:\/\/bellissima.net.pl\/salon\/product\/bioline-jato-de-sense\/#breadcrumb"},"inLanguage":"pl-PL","potentialAction":[{"@type":"ReadAction","target":["https:\/\/bellissima.net.pl\/salon\/product\/bioline-jato-de-sense\/"]}]},{"@type":"ImageObject","inLanguage":"pl-PL","@id":"https:\/\/bellissima.net.pl\/salon\/product\/bioline-jato-de-sense\/#primaryimage","url":"https:\/\/bellissima.net.pl\/salon\/wp-content\/uploads\/2021\/11\/a-peel_baner1.jpg","contentUrl":"https:\/\/bellissima.net.pl\/salon\/wp-content\/uploads\/2021\/11\/a-peel_baner1.jpg","width":1238,"height":686,"caption":"Salon Pi\u0119kno\u015bci Bellissima"},{"@type":"BreadcrumbList","@id":"https:\/\/bellissima.net.pl\/salon\/product\/bioline-jato-de-sense\/#breadcrumb","itemListElement":[{"@type":"ListItem","position":1,"name":"Strona g\u0142\u00f3wna","item":"https:\/\/bellissima.net.pl\/salon\/"},{"@type":"ListItem","position":2,"name":"Kup zaproszenie","item":"https:\/\/bellissima.net.pl\/salon\/kup-zaproszenie\/"},{"@type":"ListItem","position":3,"name":"Bioline Jato &#8211; De-sense"}]},{"@type":"WebSite","@id":"https:\/\/bellissima.net.pl\/salon\/#website","url":"https:\/\/bellissima.net.pl\/salon\/","name":"Salon Pi\u0119kno\u015bci ~~Bellissima~~","description":"Beata Chrz\u0105stek","publisher":{"@id":"https:\/\/bellissima.net.pl\/salon\/#organization"},"potentialAction":[{"@type":"SearchAction","target":{"@type":"EntryPoint","urlTemplate":"https:\/\/bellissima.net.pl\/salon\/?s={search_term_string}"},"query-input":{"@type":"PropertyValueSpecification","valueRequired":true,"valueName":"search_term_string"}}],"inLanguage":"pl-PL"},{"@type":"Organization","@id":"https:\/\/bellissima.net.pl\/salon\/#organization","name":"Salon Pi\u0119kno\u015bci Bellissima - Beata Chrz\u0105stek","url":"https:\/\/bellissima.net.pl\/salon\/","logo":{"@type":"ImageObject","inLanguage":"pl-PL","@id":"https:\/\/bellissima.net.pl\/salon\/#\/schema\/logo\/image\/","url":"https:\/\/bellissima.net.pl\/salon\/wp-content\/uploads\/2022\/04\/log-black-2-1.png","contentUrl":"https:\/\/bellissima.net.pl\/salon\/wp-content\/uploads\/2022\/04\/log-black-2-1.png","width":250,"height":108,"caption":"Salon Pi\u0119kno\u015bci Bellissima - Beata Chrz\u0105stek"},"image":{"@id":"https:\/\/bellissima.net.pl\/salon\/#\/schema\/logo\/image\/"},"sameAs":["https:\/\/www.facebook.com\/bellissima.salon.pieknosci","https:\/\/www.instagram.com\/bellissima_salon_pieknosci\/"]}]}},"jetpack_sharing_enabled":true,"_links":{"self":[{"href":"https:\/\/bellissima.net.pl\/salon\/wp-json\/wp\/v2\/product\/33807","targetHints":{"allow":["GET"]}}],"collection":[{"href":"https:\/\/bellissima.net.pl\/salon\/wp-json\/wp\/v2\/product"}],"about":[{"href":"https:\/\/bellissima.net.pl\/salon\/wp-json\/wp\/v2\/types\/product"}],"wp:featuredmedia":[{"embeddable":true,"href":"https:\/\/bellissima.net.pl\/salon\/wp-json\/wp\/v2\/media\/32449"}],"wp:attachment":[{"href":"https:\/\/bellissima.net.pl\/salon\/wp-json\/wp\/v2\/media?parent=33807"}],"wp:term":[{"taxonomy":"product_brand","embeddable":true,"href":"https:\/\/bellissima.net.pl\/salon\/wp-json\/wp\/v2\/product_brand?post=33807"},{"taxonomy":"product_cat","embeddable":true,"href":"https:\/\/bellissima.net.pl\/salon\/wp-json\/wp\/v2\/product_cat?post=33807"},{"taxonomy":"product_tag","embeddable":true,"href":"https:\/\/bellissima.net.pl\/salon\/wp-json\/wp\/v2\/product_tag?post=33807"}],"curies":[{"name":"wp","href":"https:\/\/api.w.org\/{rel}","templated":true}]}}