{"id":33462,"date":"2023-11-17T16:47:02","date_gmt":"2023-11-17T15:47:02","guid":{"rendered":"https:\/\/bellissima.net.pl\/salon\/?post_type=product&#038;p=33462"},"modified":"2026-01-27T15:50:44","modified_gmt":"2026-01-27T14:50:44","slug":"terapia-tradziku-laserem-ipl","status":"publish","type":"product","link":"https:\/\/bellissima.net.pl\/salon\/product\/terapia-tradziku-laserem-ipl\/","title":{"rendered":"Terapia tr\u0105dziku laserem IPL"},"content":{"rendered":"<p>Zaproszenie na zabieg terapii tr\u0105dziku laserem IPL.<\/p>\n<p>\u015awiat\u0142o lasera jest emitowane na konkretny obszar chorobowy. Wi\u0105zka lasera, kt\u00f3ra wnika w sk\u00f3r\u0119 redukuje stan zapalany oraz ca\u0142y proces regeneracyjny.<\/p>\n<p><strong>EFEKT:<\/strong><\/p>\n<ul>\n<li>ograniczenie wytwarzania sebum<\/li>\n<li>zmniejszenie por\u00f3w<\/li>\n<li>laser dzia\u0142a na sk\u00f3r\u0119 odka\u017caj\u0105co<\/li>\n<\/ul>\n","protected":false},"excerpt":{"rendered":"<p>Czas trwania zabiegu 20-60min.<\/p>\n<p><span class=\"dl-text\"><span class=\"dl-nowrap\">Data wa\u017cno\u015bci zaproszenia do 365 dni.<\/span><\/span><\/p>\n<p>Ka\u017cde zaproszenie na konkretny zabieg mo\u017ce by\u0107 wys\u0142ane w formie pliku PDF do pobrania. Opcja ta jest do zaznaczenia w nast\u0119pnym kroku zakup\u00f3w.<\/p>\n","protected":false},"featured_media":33469,"template":"","meta":[],"product_brand":[],"product_cat":[594],"product_tag":[],"class_list":{"0":"post-33462","1":"product","2":"type-product","3":"status-publish","4":"has-post-thumbnail","6":"product_cat-zabiegi-na-twarz","9":"first","10":"instock","11":"shipping-taxable","12":"purchasable","13":"product-type-variable"},"yoast_head":"<!-- This site is optimized with the Yoast SEO plugin v27.4 - https:\/\/yoast.com\/product\/yoast-seo-wordpress\/ -->\n<title>Terapia tr\u0105dziku laserem IPL - Salon Pi\u0119kno\u015bci ~~Bellissima~~<\/title>\n<meta name=\"robots\" content=\"index, follow, max-snippet:-1, max-image-preview:large, max-video-preview:-1\" \/>\n<link rel=\"canonical\" href=\"https:\/\/bellissima.net.pl\/salon\/product\/terapia-tradziku-laserem-ipl\/\" \/>\n<meta property=\"og:locale\" content=\"pl_PL\" \/>\n<meta property=\"og:type\" content=\"article\" \/>\n<meta property=\"og:title\" content=\"Terapia tr\u0105dziku laserem IPL - Salon Pi\u0119kno\u015bci ~~Bellissima~~\" \/>\n<meta property=\"og:description\" content=\"Czas trwania zabiegu 20-60min.  Data wa\u017cno\u015bci zaproszenia do 365 dni.  Ka\u017cde zaproszenie na konkretny zabieg mo\u017ce by\u0107 wys\u0142ane w formie pliku PDF do pobrania. Opcja ta jest do zaznaczenia w nast\u0119pnym kroku zakup\u00f3w.\" \/>\n<meta property=\"og:url\" content=\"https:\/\/bellissima.net.pl\/salon\/product\/terapia-tradziku-laserem-ipl\/\" \/>\n<meta property=\"og:site_name\" content=\"Salon Pi\u0119kno\u015bci ~~Bellissima~~\" \/>\n<meta property=\"article:publisher\" content=\"https:\/\/www.facebook.com\/bellissima.salon.pieknosci\" \/>\n<meta property=\"article:modified_time\" content=\"2026-01-27T14:50:44+00:00\" \/>\n<meta property=\"og:image\" content=\"https:\/\/bellissima.net.pl\/salon\/wp-content\/uploads\/2023\/11\/zabieg-08.jpg\" \/>\n\t<meta property=\"og:image:width\" content=\"570\" \/>\n\t<meta property=\"og:image:height\" content=\"396\" \/>\n\t<meta property=\"og:image:type\" content=\"image\/jpeg\" \/>\n<meta name=\"twitter:card\" content=\"summary_large_image\" \/>\n<meta name=\"twitter:label1\" content=\"Szacowany czas czytania\" \/>\n\t<meta name=\"twitter:data1\" content=\"1 minuta\" \/>\n<script type=\"application\/ld+json\" class=\"yoast-schema-graph\">{\"@context\":\"https:\\\/\\\/schema.org\",\"@graph\":[{\"@type\":\"WebPage\",\"@id\":\"https:\\\/\\\/bellissima.net.pl\\\/salon\\\/product\\\/terapia-tradziku-laserem-ipl\\\/\",\"url\":\"https:\\\/\\\/bellissima.net.pl\\\/salon\\\/product\\\/terapia-tradziku-laserem-ipl\\\/\",\"name\":\"Terapia tr\u0105dziku laserem IPL - Salon Pi\u0119kno\u015bci ~~Bellissima~~\",\"isPartOf\":{\"@id\":\"https:\\\/\\\/bellissima.net.pl\\\/salon\\\/#website\"},\"primaryImageOfPage\":{\"@id\":\"https:\\\/\\\/bellissima.net.pl\\\/salon\\\/product\\\/terapia-tradziku-laserem-ipl\\\/#primaryimage\"},\"image\":{\"@id\":\"https:\\\/\\\/bellissima.net.pl\\\/salon\\\/product\\\/terapia-tradziku-laserem-ipl\\\/#primaryimage\"},\"thumbnailUrl\":\"https:\\\/\\\/bellissima.net.pl\\\/salon\\\/wp-content\\\/uploads\\\/2023\\\/11\\\/zabieg-08.jpg\",\"datePublished\":\"2023-11-17T15:47:02+00:00\",\"dateModified\":\"2026-01-27T14:50:44+00:00\",\"breadcrumb\":{\"@id\":\"https:\\\/\\\/bellissima.net.pl\\\/salon\\\/product\\\/terapia-tradziku-laserem-ipl\\\/#breadcrumb\"},\"inLanguage\":\"pl-PL\",\"potentialAction\":[{\"@type\":\"ReadAction\",\"target\":[\"https:\\\/\\\/bellissima.net.pl\\\/salon\\\/product\\\/terapia-tradziku-laserem-ipl\\\/\"]}]},{\"@type\":\"ImageObject\",\"inLanguage\":\"pl-PL\",\"@id\":\"https:\\\/\\\/bellissima.net.pl\\\/salon\\\/product\\\/terapia-tradziku-laserem-ipl\\\/#primaryimage\",\"url\":\"https:\\\/\\\/bellissima.net.pl\\\/salon\\\/wp-content\\\/uploads\\\/2023\\\/11\\\/zabieg-08.jpg\",\"contentUrl\":\"https:\\\/\\\/bellissima.net.pl\\\/salon\\\/wp-content\\\/uploads\\\/2023\\\/11\\\/zabieg-08.jpg\",\"width\":570,\"height\":396},{\"@type\":\"BreadcrumbList\",\"@id\":\"https:\\\/\\\/bellissima.net.pl\\\/salon\\\/product\\\/terapia-tradziku-laserem-ipl\\\/#breadcrumb\",\"itemListElement\":[{\"@type\":\"ListItem\",\"position\":1,\"name\":\"Strona g\u0142\u00f3wna\",\"item\":\"https:\\\/\\\/bellissima.net.pl\\\/salon\\\/\"},{\"@type\":\"ListItem\",\"position\":2,\"name\":\"Kup zaproszenie\",\"item\":\"https:\\\/\\\/bellissima.net.pl\\\/salon\\\/kup-zaproszenie\\\/\"},{\"@type\":\"ListItem\",\"position\":3,\"name\":\"Terapia tr\u0105dziku laserem IPL\"}]},{\"@type\":\"WebSite\",\"@id\":\"https:\\\/\\\/bellissima.net.pl\\\/salon\\\/#website\",\"url\":\"https:\\\/\\\/bellissima.net.pl\\\/salon\\\/\",\"name\":\"Salon Pi\u0119kno\u015bci ~~Bellissima~~\",\"description\":\"Beata Chrz\u0105stek\",\"publisher\":{\"@id\":\"https:\\\/\\\/bellissima.net.pl\\\/salon\\\/#organization\"},\"potentialAction\":[{\"@type\":\"SearchAction\",\"target\":{\"@type\":\"EntryPoint\",\"urlTemplate\":\"https:\\\/\\\/bellissima.net.pl\\\/salon\\\/?s={search_term_string}\"},\"query-input\":{\"@type\":\"PropertyValueSpecification\",\"valueRequired\":true,\"valueName\":\"search_term_string\"}}],\"inLanguage\":\"pl-PL\"},{\"@type\":\"Organization\",\"@id\":\"https:\\\/\\\/bellissima.net.pl\\\/salon\\\/#organization\",\"name\":\"Salon Pi\u0119kno\u015bci Bellissima - Beata Chrz\u0105stek\",\"url\":\"https:\\\/\\\/bellissima.net.pl\\\/salon\\\/\",\"logo\":{\"@type\":\"ImageObject\",\"inLanguage\":\"pl-PL\",\"@id\":\"https:\\\/\\\/bellissima.net.pl\\\/salon\\\/#\\\/schema\\\/logo\\\/image\\\/\",\"url\":\"https:\\\/\\\/bellissima.net.pl\\\/salon\\\/wp-content\\\/uploads\\\/2022\\\/04\\\/log-black-2-1.png\",\"contentUrl\":\"https:\\\/\\\/bellissima.net.pl\\\/salon\\\/wp-content\\\/uploads\\\/2022\\\/04\\\/log-black-2-1.png\",\"width\":250,\"height\":108,\"caption\":\"Salon Pi\u0119kno\u015bci Bellissima - Beata Chrz\u0105stek\"},\"image\":{\"@id\":\"https:\\\/\\\/bellissima.net.pl\\\/salon\\\/#\\\/schema\\\/logo\\\/image\\\/\"},\"sameAs\":[\"https:\\\/\\\/www.facebook.com\\\/bellissima.salon.pieknosci\",\"https:\\\/\\\/www.instagram.com\\\/bellissima_salon_pieknosci\\\/\"]}]}<\/script>\n<!-- \/ Yoast SEO plugin. -->","yoast_head_json":{"title":"Terapia tr\u0105dziku laserem IPL - Salon Pi\u0119kno\u015bci ~~Bellissima~~","robots":{"index":"index","follow":"follow","max-snippet":"max-snippet:-1","max-image-preview":"max-image-preview:large","max-video-preview":"max-video-preview:-1"},"canonical":"https:\/\/bellissima.net.pl\/salon\/product\/terapia-tradziku-laserem-ipl\/","og_locale":"pl_PL","og_type":"article","og_title":"Terapia tr\u0105dziku laserem IPL - Salon Pi\u0119kno\u015bci ~~Bellissima~~","og_description":"Czas trwania zabiegu 20-60min.  Data wa\u017cno\u015bci zaproszenia do 365 dni.  Ka\u017cde zaproszenie na konkretny zabieg mo\u017ce by\u0107 wys\u0142ane w formie pliku PDF do pobrania. Opcja ta jest do zaznaczenia w nast\u0119pnym kroku zakup\u00f3w.","og_url":"https:\/\/bellissima.net.pl\/salon\/product\/terapia-tradziku-laserem-ipl\/","og_site_name":"Salon Pi\u0119kno\u015bci ~~Bellissima~~","article_publisher":"https:\/\/www.facebook.com\/bellissima.salon.pieknosci","article_modified_time":"2026-01-27T14:50:44+00:00","og_image":[{"width":570,"height":396,"url":"https:\/\/bellissima.net.pl\/salon\/wp-content\/uploads\/2023\/11\/zabieg-08.jpg","type":"image\/jpeg"}],"twitter_card":"summary_large_image","twitter_misc":{"Szacowany czas czytania":"1 minuta"},"schema":{"@context":"https:\/\/schema.org","@graph":[{"@type":"WebPage","@id":"https:\/\/bellissima.net.pl\/salon\/product\/terapia-tradziku-laserem-ipl\/","url":"https:\/\/bellissima.net.pl\/salon\/product\/terapia-tradziku-laserem-ipl\/","name":"Terapia tr\u0105dziku laserem IPL - Salon Pi\u0119kno\u015bci ~~Bellissima~~","isPartOf":{"@id":"https:\/\/bellissima.net.pl\/salon\/#website"},"primaryImageOfPage":{"@id":"https:\/\/bellissima.net.pl\/salon\/product\/terapia-tradziku-laserem-ipl\/#primaryimage"},"image":{"@id":"https:\/\/bellissima.net.pl\/salon\/product\/terapia-tradziku-laserem-ipl\/#primaryimage"},"thumbnailUrl":"https:\/\/bellissima.net.pl\/salon\/wp-content\/uploads\/2023\/11\/zabieg-08.jpg","datePublished":"2023-11-17T15:47:02+00:00","dateModified":"2026-01-27T14:50:44+00:00","breadcrumb":{"@id":"https:\/\/bellissima.net.pl\/salon\/product\/terapia-tradziku-laserem-ipl\/#breadcrumb"},"inLanguage":"pl-PL","potentialAction":[{"@type":"ReadAction","target":["https:\/\/bellissima.net.pl\/salon\/product\/terapia-tradziku-laserem-ipl\/"]}]},{"@type":"ImageObject","inLanguage":"pl-PL","@id":"https:\/\/bellissima.net.pl\/salon\/product\/terapia-tradziku-laserem-ipl\/#primaryimage","url":"https:\/\/bellissima.net.pl\/salon\/wp-content\/uploads\/2023\/11\/zabieg-08.jpg","contentUrl":"https:\/\/bellissima.net.pl\/salon\/wp-content\/uploads\/2023\/11\/zabieg-08.jpg","width":570,"height":396},{"@type":"BreadcrumbList","@id":"https:\/\/bellissima.net.pl\/salon\/product\/terapia-tradziku-laserem-ipl\/#breadcrumb","itemListElement":[{"@type":"ListItem","position":1,"name":"Strona g\u0142\u00f3wna","item":"https:\/\/bellissima.net.pl\/salon\/"},{"@type":"ListItem","position":2,"name":"Kup zaproszenie","item":"https:\/\/bellissima.net.pl\/salon\/kup-zaproszenie\/"},{"@type":"ListItem","position":3,"name":"Terapia tr\u0105dziku laserem IPL"}]},{"@type":"WebSite","@id":"https:\/\/bellissima.net.pl\/salon\/#website","url":"https:\/\/bellissima.net.pl\/salon\/","name":"Salon Pi\u0119kno\u015bci ~~Bellissima~~","description":"Beata Chrz\u0105stek","publisher":{"@id":"https:\/\/bellissima.net.pl\/salon\/#organization"},"potentialAction":[{"@type":"SearchAction","target":{"@type":"EntryPoint","urlTemplate":"https:\/\/bellissima.net.pl\/salon\/?s={search_term_string}"},"query-input":{"@type":"PropertyValueSpecification","valueRequired":true,"valueName":"search_term_string"}}],"inLanguage":"pl-PL"},{"@type":"Organization","@id":"https:\/\/bellissima.net.pl\/salon\/#organization","name":"Salon Pi\u0119kno\u015bci Bellissima - Beata Chrz\u0105stek","url":"https:\/\/bellissima.net.pl\/salon\/","logo":{"@type":"ImageObject","inLanguage":"pl-PL","@id":"https:\/\/bellissima.net.pl\/salon\/#\/schema\/logo\/image\/","url":"https:\/\/bellissima.net.pl\/salon\/wp-content\/uploads\/2022\/04\/log-black-2-1.png","contentUrl":"https:\/\/bellissima.net.pl\/salon\/wp-content\/uploads\/2022\/04\/log-black-2-1.png","width":250,"height":108,"caption":"Salon Pi\u0119kno\u015bci Bellissima - Beata Chrz\u0105stek"},"image":{"@id":"https:\/\/bellissima.net.pl\/salon\/#\/schema\/logo\/image\/"},"sameAs":["https:\/\/www.facebook.com\/bellissima.salon.pieknosci","https:\/\/www.instagram.com\/bellissima_salon_pieknosci\/"]}]}},"jetpack_sharing_enabled":true,"_links":{"self":[{"href":"https:\/\/bellissima.net.pl\/salon\/wp-json\/wp\/v2\/product\/33462","targetHints":{"allow":["GET"]}}],"collection":[{"href":"https:\/\/bellissima.net.pl\/salon\/wp-json\/wp\/v2\/product"}],"about":[{"href":"https:\/\/bellissima.net.pl\/salon\/wp-json\/wp\/v2\/types\/product"}],"wp:featuredmedia":[{"embeddable":true,"href":"https:\/\/bellissima.net.pl\/salon\/wp-json\/wp\/v2\/media\/33469"}],"wp:attachment":[{"href":"https:\/\/bellissima.net.pl\/salon\/wp-json\/wp\/v2\/media?parent=33462"}],"wp:term":[{"taxonomy":"product_brand","embeddable":true,"href":"https:\/\/bellissima.net.pl\/salon\/wp-json\/wp\/v2\/product_brand?post=33462"},{"taxonomy":"product_cat","embeddable":true,"href":"https:\/\/bellissima.net.pl\/salon\/wp-json\/wp\/v2\/product_cat?post=33462"},{"taxonomy":"product_tag","embeddable":true,"href":"https:\/\/bellissima.net.pl\/salon\/wp-json\/wp\/v2\/product_tag?post=33462"}],"curies":[{"name":"wp","href":"https:\/\/api.w.org\/{rel}","templated":true}]}}