{"id":33428,"date":"2023-11-15T16:45:30","date_gmt":"2023-11-15T15:45:30","guid":{"rendered":"https:\/\/bellissima.net.pl\/salon\/?post_type=product&#038;p=33428"},"modified":"2026-01-27T16:05:14","modified_gmt":"2026-01-27T15:05:14","slug":"black-doll-laserowy-peeling-weglowy","status":"publish","type":"product","link":"https:\/\/bellissima.net.pl\/salon\/product\/black-doll-laserowy-peeling-weglowy\/","title":{"rendered":"Black Doll laserowy peeling w\u0119glowy"},"content":{"rendered":"<p>Zabieg polega na na\u015bwietlaniu wi\u0105zk\u0105 lasera sk\u00f3ry pokrytej koloidaln\u0105 zawiesin\u0105 w\u0119gla. W trakcie zabiegu drobiny w\u0119gla wnikaj\u0105 w pory, zag\u0142\u0119bienia i nier\u00f3wno\u015bci sk\u00f3ry, nast\u0119pnie absorbuj\u0105c energi\u0119 \u015bwiat\u0142a laserowego powoduj\u0105 mikroeksplozj\u0119.<\/p>\n<p>EFEKT:<\/p>\n<ul>\n<li>oczyszczenie i zw\u0119\u017cenie por\u00f3w<\/li>\n<li>ujednolicenie kolorytu<\/li>\n<li>stymulacja produkcji kolagenu<\/li>\n<li>usuwanie przebarwie\u0144, drobnych zmarszczek i zask\u00f3rnik\u00f3w<\/li>\n<\/ul>\n","protected":false},"excerpt":{"rendered":"<p>Laserowy peeling w\u0119glowy wykonywany jest przy u\u017cyciu wysokoenergetycznego lasera ND Yag Q-Switch.<\/p>\n<p>Czas trwania zabiegu 60-90min.<\/p>\n<p><span class=\"dl-text\"><span class=\"dl-nowrap\">Data wa\u017cno\u015bci zaproszenia do 365 dni.<\/span><\/span><\/p>\n<p>Ka\u017cde zaproszenie na konkretny zabieg mo\u017ce by\u0107 wys\u0142ane w formie pliku PDF do pobrania. Opcja ta jest do zaznaczenia w nast\u0119pnym kroku zakup\u00f3w.<\/p>\n","protected":false},"featured_media":33435,"template":"","meta":[],"product_brand":[],"product_cat":[597,594],"product_tag":[],"class_list":{"0":"post-33428","1":"product","2":"type-product","3":"status-publish","4":"has-post-thumbnail","6":"product_cat-zabiegi-na-cialo","7":"product_cat-zabiegi-na-twarz","10":"first","11":"instock","12":"shipping-taxable","13":"purchasable","14":"product-type-variable"},"yoast_head":"<!-- This site is optimized with the Yoast SEO plugin v27.4 - https:\/\/yoast.com\/product\/yoast-seo-wordpress\/ -->\n<title>Black Doll laserowy peeling w\u0119glowy - Salon Pi\u0119kno\u015bci ~~Bellissima~~<\/title>\n<meta name=\"robots\" content=\"index, follow, max-snippet:-1, max-image-preview:large, max-video-preview:-1\" \/>\n<link rel=\"canonical\" href=\"https:\/\/bellissima.net.pl\/salon\/product\/black-doll-laserowy-peeling-weglowy\/\" \/>\n<meta property=\"og:locale\" content=\"pl_PL\" \/>\n<meta property=\"og:type\" content=\"article\" \/>\n<meta property=\"og:title\" content=\"Black Doll laserowy peeling w\u0119glowy - Salon Pi\u0119kno\u015bci ~~Bellissima~~\" \/>\n<meta property=\"og:description\" content=\"Laserowy peeling w\u0119glowy wykonywany jest przy u\u017cyciu wysokoenergetycznego lasera ND Yag Q-Switch.  Czas trwania zabiegu 60-90min.  Data wa\u017cno\u015bci zaproszenia do 365 dni.  Ka\u017cde zaproszenie na konkretny zabieg mo\u017ce by\u0107 wys\u0142ane w formie pliku PDF do pobrania. Opcja ta jest do zaznaczenia w nast\u0119pnym kroku zakup\u00f3w.\" \/>\n<meta property=\"og:url\" content=\"https:\/\/bellissima.net.pl\/salon\/product\/black-doll-laserowy-peeling-weglowy\/\" \/>\n<meta property=\"og:site_name\" content=\"Salon Pi\u0119kno\u015bci ~~Bellissima~~\" \/>\n<meta property=\"article:publisher\" content=\"https:\/\/www.facebook.com\/bellissima.salon.pieknosci\" \/>\n<meta property=\"article:modified_time\" content=\"2026-01-27T15:05:14+00:00\" \/>\n<meta property=\"og:image\" content=\"https:\/\/bellissima.net.pl\/salon\/wp-content\/uploads\/2023\/11\/black-doll-czestochowa.jpg\" \/>\n\t<meta property=\"og:image:width\" content=\"800\" \/>\n\t<meta property=\"og:image:height\" content=\"445\" \/>\n\t<meta property=\"og:image:type\" content=\"image\/jpeg\" \/>\n<meta name=\"twitter:card\" content=\"summary_large_image\" \/>\n<meta name=\"twitter:label1\" content=\"Szacowany czas czytania\" \/>\n\t<meta name=\"twitter:data1\" content=\"1 minuta\" \/>\n<script type=\"application\/ld+json\" class=\"yoast-schema-graph\">{\"@context\":\"https:\\\/\\\/schema.org\",\"@graph\":[{\"@type\":\"WebPage\",\"@id\":\"https:\\\/\\\/bellissima.net.pl\\\/salon\\\/product\\\/black-doll-laserowy-peeling-weglowy\\\/\",\"url\":\"https:\\\/\\\/bellissima.net.pl\\\/salon\\\/product\\\/black-doll-laserowy-peeling-weglowy\\\/\",\"name\":\"Black Doll laserowy peeling w\u0119glowy - Salon Pi\u0119kno\u015bci ~~Bellissima~~\",\"isPartOf\":{\"@id\":\"https:\\\/\\\/bellissima.net.pl\\\/salon\\\/#website\"},\"primaryImageOfPage\":{\"@id\":\"https:\\\/\\\/bellissima.net.pl\\\/salon\\\/product\\\/black-doll-laserowy-peeling-weglowy\\\/#primaryimage\"},\"image\":{\"@id\":\"https:\\\/\\\/bellissima.net.pl\\\/salon\\\/product\\\/black-doll-laserowy-peeling-weglowy\\\/#primaryimage\"},\"thumbnailUrl\":\"https:\\\/\\\/bellissima.net.pl\\\/salon\\\/wp-content\\\/uploads\\\/2023\\\/11\\\/black-doll-czestochowa.jpg\",\"datePublished\":\"2023-11-15T15:45:30+00:00\",\"dateModified\":\"2026-01-27T15:05:14+00:00\",\"breadcrumb\":{\"@id\":\"https:\\\/\\\/bellissima.net.pl\\\/salon\\\/product\\\/black-doll-laserowy-peeling-weglowy\\\/#breadcrumb\"},\"inLanguage\":\"pl-PL\",\"potentialAction\":[{\"@type\":\"ReadAction\",\"target\":[\"https:\\\/\\\/bellissima.net.pl\\\/salon\\\/product\\\/black-doll-laserowy-peeling-weglowy\\\/\"]}]},{\"@type\":\"ImageObject\",\"inLanguage\":\"pl-PL\",\"@id\":\"https:\\\/\\\/bellissima.net.pl\\\/salon\\\/product\\\/black-doll-laserowy-peeling-weglowy\\\/#primaryimage\",\"url\":\"https:\\\/\\\/bellissima.net.pl\\\/salon\\\/wp-content\\\/uploads\\\/2023\\\/11\\\/black-doll-czestochowa.jpg\",\"contentUrl\":\"https:\\\/\\\/bellissima.net.pl\\\/salon\\\/wp-content\\\/uploads\\\/2023\\\/11\\\/black-doll-czestochowa.jpg\",\"width\":800,\"height\":445},{\"@type\":\"BreadcrumbList\",\"@id\":\"https:\\\/\\\/bellissima.net.pl\\\/salon\\\/product\\\/black-doll-laserowy-peeling-weglowy\\\/#breadcrumb\",\"itemListElement\":[{\"@type\":\"ListItem\",\"position\":1,\"name\":\"Strona g\u0142\u00f3wna\",\"item\":\"https:\\\/\\\/bellissima.net.pl\\\/salon\\\/\"},{\"@type\":\"ListItem\",\"position\":2,\"name\":\"Kup zaproszenie\",\"item\":\"https:\\\/\\\/bellissima.net.pl\\\/salon\\\/kup-zaproszenie\\\/\"},{\"@type\":\"ListItem\",\"position\":3,\"name\":\"Black Doll laserowy peeling w\u0119glowy\"}]},{\"@type\":\"WebSite\",\"@id\":\"https:\\\/\\\/bellissima.net.pl\\\/salon\\\/#website\",\"url\":\"https:\\\/\\\/bellissima.net.pl\\\/salon\\\/\",\"name\":\"Salon Pi\u0119kno\u015bci ~~Bellissima~~\",\"description\":\"Beata Chrz\u0105stek\",\"publisher\":{\"@id\":\"https:\\\/\\\/bellissima.net.pl\\\/salon\\\/#organization\"},\"potentialAction\":[{\"@type\":\"SearchAction\",\"target\":{\"@type\":\"EntryPoint\",\"urlTemplate\":\"https:\\\/\\\/bellissima.net.pl\\\/salon\\\/?s={search_term_string}\"},\"query-input\":{\"@type\":\"PropertyValueSpecification\",\"valueRequired\":true,\"valueName\":\"search_term_string\"}}],\"inLanguage\":\"pl-PL\"},{\"@type\":\"Organization\",\"@id\":\"https:\\\/\\\/bellissima.net.pl\\\/salon\\\/#organization\",\"name\":\"Salon Pi\u0119kno\u015bci Bellissima - Beata Chrz\u0105stek\",\"url\":\"https:\\\/\\\/bellissima.net.pl\\\/salon\\\/\",\"logo\":{\"@type\":\"ImageObject\",\"inLanguage\":\"pl-PL\",\"@id\":\"https:\\\/\\\/bellissima.net.pl\\\/salon\\\/#\\\/schema\\\/logo\\\/image\\\/\",\"url\":\"https:\\\/\\\/bellissima.net.pl\\\/salon\\\/wp-content\\\/uploads\\\/2022\\\/04\\\/log-black-2-1.png\",\"contentUrl\":\"https:\\\/\\\/bellissima.net.pl\\\/salon\\\/wp-content\\\/uploads\\\/2022\\\/04\\\/log-black-2-1.png\",\"width\":250,\"height\":108,\"caption\":\"Salon Pi\u0119kno\u015bci Bellissima - Beata Chrz\u0105stek\"},\"image\":{\"@id\":\"https:\\\/\\\/bellissima.net.pl\\\/salon\\\/#\\\/schema\\\/logo\\\/image\\\/\"},\"sameAs\":[\"https:\\\/\\\/www.facebook.com\\\/bellissima.salon.pieknosci\",\"https:\\\/\\\/www.instagram.com\\\/bellissima_salon_pieknosci\\\/\"]}]}<\/script>\n<!-- \/ Yoast SEO plugin. -->","yoast_head_json":{"title":"Black Doll laserowy peeling w\u0119glowy - Salon Pi\u0119kno\u015bci ~~Bellissima~~","robots":{"index":"index","follow":"follow","max-snippet":"max-snippet:-1","max-image-preview":"max-image-preview:large","max-video-preview":"max-video-preview:-1"},"canonical":"https:\/\/bellissima.net.pl\/salon\/product\/black-doll-laserowy-peeling-weglowy\/","og_locale":"pl_PL","og_type":"article","og_title":"Black Doll laserowy peeling w\u0119glowy - Salon Pi\u0119kno\u015bci ~~Bellissima~~","og_description":"Laserowy peeling w\u0119glowy wykonywany jest przy u\u017cyciu wysokoenergetycznego lasera ND Yag Q-Switch.  Czas trwania zabiegu 60-90min.  Data wa\u017cno\u015bci zaproszenia do 365 dni.  Ka\u017cde zaproszenie na konkretny zabieg mo\u017ce by\u0107 wys\u0142ane w formie pliku PDF do pobrania. Opcja ta jest do zaznaczenia w nast\u0119pnym kroku zakup\u00f3w.","og_url":"https:\/\/bellissima.net.pl\/salon\/product\/black-doll-laserowy-peeling-weglowy\/","og_site_name":"Salon Pi\u0119kno\u015bci ~~Bellissima~~","article_publisher":"https:\/\/www.facebook.com\/bellissima.salon.pieknosci","article_modified_time":"2026-01-27T15:05:14+00:00","og_image":[{"width":800,"height":445,"url":"https:\/\/bellissima.net.pl\/salon\/wp-content\/uploads\/2023\/11\/black-doll-czestochowa.jpg","type":"image\/jpeg"}],"twitter_card":"summary_large_image","twitter_misc":{"Szacowany czas czytania":"1 minuta"},"schema":{"@context":"https:\/\/schema.org","@graph":[{"@type":"WebPage","@id":"https:\/\/bellissima.net.pl\/salon\/product\/black-doll-laserowy-peeling-weglowy\/","url":"https:\/\/bellissima.net.pl\/salon\/product\/black-doll-laserowy-peeling-weglowy\/","name":"Black Doll laserowy peeling w\u0119glowy - Salon Pi\u0119kno\u015bci ~~Bellissima~~","isPartOf":{"@id":"https:\/\/bellissima.net.pl\/salon\/#website"},"primaryImageOfPage":{"@id":"https:\/\/bellissima.net.pl\/salon\/product\/black-doll-laserowy-peeling-weglowy\/#primaryimage"},"image":{"@id":"https:\/\/bellissima.net.pl\/salon\/product\/black-doll-laserowy-peeling-weglowy\/#primaryimage"},"thumbnailUrl":"https:\/\/bellissima.net.pl\/salon\/wp-content\/uploads\/2023\/11\/black-doll-czestochowa.jpg","datePublished":"2023-11-15T15:45:30+00:00","dateModified":"2026-01-27T15:05:14+00:00","breadcrumb":{"@id":"https:\/\/bellissima.net.pl\/salon\/product\/black-doll-laserowy-peeling-weglowy\/#breadcrumb"},"inLanguage":"pl-PL","potentialAction":[{"@type":"ReadAction","target":["https:\/\/bellissima.net.pl\/salon\/product\/black-doll-laserowy-peeling-weglowy\/"]}]},{"@type":"ImageObject","inLanguage":"pl-PL","@id":"https:\/\/bellissima.net.pl\/salon\/product\/black-doll-laserowy-peeling-weglowy\/#primaryimage","url":"https:\/\/bellissima.net.pl\/salon\/wp-content\/uploads\/2023\/11\/black-doll-czestochowa.jpg","contentUrl":"https:\/\/bellissima.net.pl\/salon\/wp-content\/uploads\/2023\/11\/black-doll-czestochowa.jpg","width":800,"height":445},{"@type":"BreadcrumbList","@id":"https:\/\/bellissima.net.pl\/salon\/product\/black-doll-laserowy-peeling-weglowy\/#breadcrumb","itemListElement":[{"@type":"ListItem","position":1,"name":"Strona g\u0142\u00f3wna","item":"https:\/\/bellissima.net.pl\/salon\/"},{"@type":"ListItem","position":2,"name":"Kup zaproszenie","item":"https:\/\/bellissima.net.pl\/salon\/kup-zaproszenie\/"},{"@type":"ListItem","position":3,"name":"Black Doll laserowy peeling w\u0119glowy"}]},{"@type":"WebSite","@id":"https:\/\/bellissima.net.pl\/salon\/#website","url":"https:\/\/bellissima.net.pl\/salon\/","name":"Salon Pi\u0119kno\u015bci ~~Bellissima~~","description":"Beata Chrz\u0105stek","publisher":{"@id":"https:\/\/bellissima.net.pl\/salon\/#organization"},"potentialAction":[{"@type":"SearchAction","target":{"@type":"EntryPoint","urlTemplate":"https:\/\/bellissima.net.pl\/salon\/?s={search_term_string}"},"query-input":{"@type":"PropertyValueSpecification","valueRequired":true,"valueName":"search_term_string"}}],"inLanguage":"pl-PL"},{"@type":"Organization","@id":"https:\/\/bellissima.net.pl\/salon\/#organization","name":"Salon Pi\u0119kno\u015bci Bellissima - Beata Chrz\u0105stek","url":"https:\/\/bellissima.net.pl\/salon\/","logo":{"@type":"ImageObject","inLanguage":"pl-PL","@id":"https:\/\/bellissima.net.pl\/salon\/#\/schema\/logo\/image\/","url":"https:\/\/bellissima.net.pl\/salon\/wp-content\/uploads\/2022\/04\/log-black-2-1.png","contentUrl":"https:\/\/bellissima.net.pl\/salon\/wp-content\/uploads\/2022\/04\/log-black-2-1.png","width":250,"height":108,"caption":"Salon Pi\u0119kno\u015bci Bellissima - Beata Chrz\u0105stek"},"image":{"@id":"https:\/\/bellissima.net.pl\/salon\/#\/schema\/logo\/image\/"},"sameAs":["https:\/\/www.facebook.com\/bellissima.salon.pieknosci","https:\/\/www.instagram.com\/bellissima_salon_pieknosci\/"]}]}},"jetpack_sharing_enabled":true,"_links":{"self":[{"href":"https:\/\/bellissima.net.pl\/salon\/wp-json\/wp\/v2\/product\/33428","targetHints":{"allow":["GET"]}}],"collection":[{"href":"https:\/\/bellissima.net.pl\/salon\/wp-json\/wp\/v2\/product"}],"about":[{"href":"https:\/\/bellissima.net.pl\/salon\/wp-json\/wp\/v2\/types\/product"}],"wp:featuredmedia":[{"embeddable":true,"href":"https:\/\/bellissima.net.pl\/salon\/wp-json\/wp\/v2\/media\/33435"}],"wp:attachment":[{"href":"https:\/\/bellissima.net.pl\/salon\/wp-json\/wp\/v2\/media?parent=33428"}],"wp:term":[{"taxonomy":"product_brand","embeddable":true,"href":"https:\/\/bellissima.net.pl\/salon\/wp-json\/wp\/v2\/product_brand?post=33428"},{"taxonomy":"product_cat","embeddable":true,"href":"https:\/\/bellissima.net.pl\/salon\/wp-json\/wp\/v2\/product_cat?post=33428"},{"taxonomy":"product_tag","embeddable":true,"href":"https:\/\/bellissima.net.pl\/salon\/wp-json\/wp\/v2\/product_tag?post=33428"}],"curies":[{"name":"wp","href":"https:\/\/api.w.org\/{rel}","templated":true}]}}