{"id":32870,"date":"2022-06-15T01:51:30","date_gmt":"2022-06-14T23:51:30","guid":{"rendered":"https:\/\/bellissima.net.pl\/salon\/?post_type=product&#038;p=32870"},"modified":"2024-12-10T09:50:20","modified_gmt":"2024-12-10T08:50:20","slug":"henna-brwi-z-regulacja-x-5","status":"publish","type":"product","link":"https:\/\/bellissima.net.pl\/salon\/product\/henna-brwi-z-regulacja-x-5\/","title":{"rendered":"Henna brwi z regulacj\u0105 x5"},"content":{"rendered":"<p>Oferujemy Pa\u0144stwu zakup pakietu sk\u0142adaj\u0105cego si\u0119 z pi\u0119ciu zabieg\u00f3w z kosmetyki upi\u0119kszaj\u0105cej. W sk\u0142ad kt\u00f3rego wchodzi wykonanie henny wraz z regulacj\u0105 brwi.<\/p>\n","protected":false},"excerpt":{"rendered":"<p>5 x henna brwi z regulacj\u0105<\/p>\n<p>Czas trwania zabiegu 20min<\/p>\n<p><span class=\"dl-text\"><span class=\"dl-nowrap\">Data wa\u017cno\u015bci zaproszenia do 365 dni.<\/span><\/span><\/p>\n<p>Ka\u017cde zaproszenie na konkretny zabieg mo\u017ce by\u0107 wys\u0142ane w formie pliku PDF do pobrania. Opcja ta jest do zaznaczenia w nast\u0119pnym kroku zakup\u00f3w.<\/p>\n","protected":false},"featured_media":32871,"template":"","meta":[],"product_brand":[],"product_cat":[595],"product_tag":[],"class_list":{"0":"post-32870","1":"product","2":"type-product","3":"status-publish","4":"has-post-thumbnail","6":"product_cat-pakiety","9":"first","10":"instock","11":"downloadable","12":"shipping-taxable","13":"purchasable","14":"product-type-simple"},"yoast_head":"<!-- This site is optimized with the Yoast SEO plugin v27.4 - https:\/\/yoast.com\/product\/yoast-seo-wordpress\/ -->\n<title>Henna brwi z regulacj\u0105 x5 - Salon Pi\u0119kno\u015bci ~~Bellissima~~<\/title>\n<meta name=\"description\" content=\"Oferujemy Pa\u0144stwu pakiet sk\u0142adaj\u0105cy si\u0119 z pi\u0119ciu zabieg\u00f3w z kosmetyki upi\u0119kszaj\u0105cej. W sk\u0142ad kt\u00f3rego wchodzi wykonanie henny wraz z regulacj\u0105 brwi.\" \/>\n<meta name=\"robots\" content=\"index, follow, max-snippet:-1, max-image-preview:large, max-video-preview:-1\" \/>\n<link rel=\"canonical\" href=\"https:\/\/bellissima.net.pl\/salon\/product\/henna-brwi-z-regulacja-x-5\/\" \/>\n<meta property=\"og:locale\" content=\"pl_PL\" \/>\n<meta property=\"og:type\" content=\"article\" \/>\n<meta property=\"og:title\" content=\"Henna brwi z regulacj\u0105 x5 - Salon Pi\u0119kno\u015bci ~~Bellissima~~\" \/>\n<meta property=\"og:description\" content=\"Oferujemy Pa\u0144stwu pakiet sk\u0142adaj\u0105cy si\u0119 z pi\u0119ciu zabieg\u00f3w z kosmetyki upi\u0119kszaj\u0105cej. W sk\u0142ad kt\u00f3rego wchodzi wykonanie henny wraz z regulacj\u0105 brwi.\" \/>\n<meta property=\"og:url\" content=\"https:\/\/bellissima.net.pl\/salon\/product\/henna-brwi-z-regulacja-x-5\/\" \/>\n<meta property=\"og:site_name\" content=\"Salon Pi\u0119kno\u015bci ~~Bellissima~~\" \/>\n<meta property=\"article:publisher\" content=\"https:\/\/www.facebook.com\/bellissima.salon.pieknosci\" \/>\n<meta property=\"article:modified_time\" content=\"2024-12-10T08:50:20+00:00\" \/>\n<meta property=\"og:image\" content=\"https:\/\/bellissima.net.pl\/salon\/wp-content\/uploads\/2022\/06\/henna-brwi.jpg\" \/>\n\t<meta property=\"og:image:width\" content=\"620\" \/>\n\t<meta property=\"og:image:height\" content=\"465\" \/>\n\t<meta property=\"og:image:type\" content=\"image\/jpeg\" \/>\n<meta name=\"twitter:card\" content=\"summary_large_image\" \/>\n<meta name=\"twitter:label1\" content=\"Szacowany czas czytania\" \/>\n\t<meta name=\"twitter:data1\" content=\"1 minuta\" \/>\n<script type=\"application\/ld+json\" class=\"yoast-schema-graph\">{\"@context\":\"https:\\\/\\\/schema.org\",\"@graph\":[{\"@type\":\"WebPage\",\"@id\":\"https:\\\/\\\/bellissima.net.pl\\\/salon\\\/product\\\/henna-brwi-z-regulacja-x-5\\\/\",\"url\":\"https:\\\/\\\/bellissima.net.pl\\\/salon\\\/product\\\/henna-brwi-z-regulacja-x-5\\\/\",\"name\":\"Henna brwi z regulacj\u0105 x5 - Salon Pi\u0119kno\u015bci ~~Bellissima~~\",\"isPartOf\":{\"@id\":\"https:\\\/\\\/bellissima.net.pl\\\/salon\\\/#website\"},\"primaryImageOfPage\":{\"@id\":\"https:\\\/\\\/bellissima.net.pl\\\/salon\\\/product\\\/henna-brwi-z-regulacja-x-5\\\/#primaryimage\"},\"image\":{\"@id\":\"https:\\\/\\\/bellissima.net.pl\\\/salon\\\/product\\\/henna-brwi-z-regulacja-x-5\\\/#primaryimage\"},\"thumbnailUrl\":\"https:\\\/\\\/bellissima.net.pl\\\/salon\\\/wp-content\\\/uploads\\\/2022\\\/06\\\/henna-brwi.jpg\",\"datePublished\":\"2022-06-14T23:51:30+00:00\",\"dateModified\":\"2024-12-10T08:50:20+00:00\",\"description\":\"Oferujemy Pa\u0144stwu pakiet sk\u0142adaj\u0105cy si\u0119 z pi\u0119ciu zabieg\u00f3w z kosmetyki upi\u0119kszaj\u0105cej. W sk\u0142ad kt\u00f3rego wchodzi wykonanie henny wraz z regulacj\u0105 brwi.\",\"breadcrumb\":{\"@id\":\"https:\\\/\\\/bellissima.net.pl\\\/salon\\\/product\\\/henna-brwi-z-regulacja-x-5\\\/#breadcrumb\"},\"inLanguage\":\"pl-PL\",\"potentialAction\":[{\"@type\":\"ReadAction\",\"target\":[\"https:\\\/\\\/bellissima.net.pl\\\/salon\\\/product\\\/henna-brwi-z-regulacja-x-5\\\/\"]}]},{\"@type\":\"ImageObject\",\"inLanguage\":\"pl-PL\",\"@id\":\"https:\\\/\\\/bellissima.net.pl\\\/salon\\\/product\\\/henna-brwi-z-regulacja-x-5\\\/#primaryimage\",\"url\":\"https:\\\/\\\/bellissima.net.pl\\\/salon\\\/wp-content\\\/uploads\\\/2022\\\/06\\\/henna-brwi.jpg\",\"contentUrl\":\"https:\\\/\\\/bellissima.net.pl\\\/salon\\\/wp-content\\\/uploads\\\/2022\\\/06\\\/henna-brwi.jpg\",\"width\":620,\"height\":465},{\"@type\":\"BreadcrumbList\",\"@id\":\"https:\\\/\\\/bellissima.net.pl\\\/salon\\\/product\\\/henna-brwi-z-regulacja-x-5\\\/#breadcrumb\",\"itemListElement\":[{\"@type\":\"ListItem\",\"position\":1,\"name\":\"Strona g\u0142\u00f3wna\",\"item\":\"https:\\\/\\\/bellissima.net.pl\\\/salon\\\/\"},{\"@type\":\"ListItem\",\"position\":2,\"name\":\"Kup zaproszenie\",\"item\":\"https:\\\/\\\/bellissima.net.pl\\\/salon\\\/kup-zaproszenie\\\/\"},{\"@type\":\"ListItem\",\"position\":3,\"name\":\"Henna brwi z regulacj\u0105 x5\"}]},{\"@type\":\"WebSite\",\"@id\":\"https:\\\/\\\/bellissima.net.pl\\\/salon\\\/#website\",\"url\":\"https:\\\/\\\/bellissima.net.pl\\\/salon\\\/\",\"name\":\"Salon Pi\u0119kno\u015bci ~~Bellissima~~\",\"description\":\"Beata Chrz\u0105stek\",\"publisher\":{\"@id\":\"https:\\\/\\\/bellissima.net.pl\\\/salon\\\/#organization\"},\"potentialAction\":[{\"@type\":\"SearchAction\",\"target\":{\"@type\":\"EntryPoint\",\"urlTemplate\":\"https:\\\/\\\/bellissima.net.pl\\\/salon\\\/?s={search_term_string}\"},\"query-input\":{\"@type\":\"PropertyValueSpecification\",\"valueRequired\":true,\"valueName\":\"search_term_string\"}}],\"inLanguage\":\"pl-PL\"},{\"@type\":\"Organization\",\"@id\":\"https:\\\/\\\/bellissima.net.pl\\\/salon\\\/#organization\",\"name\":\"Salon Pi\u0119kno\u015bci Bellissima - Beata Chrz\u0105stek\",\"url\":\"https:\\\/\\\/bellissima.net.pl\\\/salon\\\/\",\"logo\":{\"@type\":\"ImageObject\",\"inLanguage\":\"pl-PL\",\"@id\":\"https:\\\/\\\/bellissima.net.pl\\\/salon\\\/#\\\/schema\\\/logo\\\/image\\\/\",\"url\":\"https:\\\/\\\/bellissima.net.pl\\\/salon\\\/wp-content\\\/uploads\\\/2022\\\/04\\\/log-black-2-1.png\",\"contentUrl\":\"https:\\\/\\\/bellissima.net.pl\\\/salon\\\/wp-content\\\/uploads\\\/2022\\\/04\\\/log-black-2-1.png\",\"width\":250,\"height\":108,\"caption\":\"Salon Pi\u0119kno\u015bci Bellissima - Beata Chrz\u0105stek\"},\"image\":{\"@id\":\"https:\\\/\\\/bellissima.net.pl\\\/salon\\\/#\\\/schema\\\/logo\\\/image\\\/\"},\"sameAs\":[\"https:\\\/\\\/www.facebook.com\\\/bellissima.salon.pieknosci\",\"https:\\\/\\\/www.instagram.com\\\/bellissima_salon_pieknosci\\\/\"]}]}<\/script>\n<!-- \/ Yoast SEO plugin. -->","yoast_head_json":{"title":"Henna brwi z regulacj\u0105 x5 - Salon Pi\u0119kno\u015bci ~~Bellissima~~","description":"Oferujemy Pa\u0144stwu pakiet sk\u0142adaj\u0105cy si\u0119 z pi\u0119ciu zabieg\u00f3w z kosmetyki upi\u0119kszaj\u0105cej. W sk\u0142ad kt\u00f3rego wchodzi wykonanie henny wraz z regulacj\u0105 brwi.","robots":{"index":"index","follow":"follow","max-snippet":"max-snippet:-1","max-image-preview":"max-image-preview:large","max-video-preview":"max-video-preview:-1"},"canonical":"https:\/\/bellissima.net.pl\/salon\/product\/henna-brwi-z-regulacja-x-5\/","og_locale":"pl_PL","og_type":"article","og_title":"Henna brwi z regulacj\u0105 x5 - Salon Pi\u0119kno\u015bci ~~Bellissima~~","og_description":"Oferujemy Pa\u0144stwu pakiet sk\u0142adaj\u0105cy si\u0119 z pi\u0119ciu zabieg\u00f3w z kosmetyki upi\u0119kszaj\u0105cej. W sk\u0142ad kt\u00f3rego wchodzi wykonanie henny wraz z regulacj\u0105 brwi.","og_url":"https:\/\/bellissima.net.pl\/salon\/product\/henna-brwi-z-regulacja-x-5\/","og_site_name":"Salon Pi\u0119kno\u015bci ~~Bellissima~~","article_publisher":"https:\/\/www.facebook.com\/bellissima.salon.pieknosci","article_modified_time":"2024-12-10T08:50:20+00:00","og_image":[{"width":620,"height":465,"url":"https:\/\/bellissima.net.pl\/salon\/wp-content\/uploads\/2022\/06\/henna-brwi.jpg","type":"image\/jpeg"}],"twitter_card":"summary_large_image","twitter_misc":{"Szacowany czas czytania":"1 minuta"},"schema":{"@context":"https:\/\/schema.org","@graph":[{"@type":"WebPage","@id":"https:\/\/bellissima.net.pl\/salon\/product\/henna-brwi-z-regulacja-x-5\/","url":"https:\/\/bellissima.net.pl\/salon\/product\/henna-brwi-z-regulacja-x-5\/","name":"Henna brwi z regulacj\u0105 x5 - Salon Pi\u0119kno\u015bci ~~Bellissima~~","isPartOf":{"@id":"https:\/\/bellissima.net.pl\/salon\/#website"},"primaryImageOfPage":{"@id":"https:\/\/bellissima.net.pl\/salon\/product\/henna-brwi-z-regulacja-x-5\/#primaryimage"},"image":{"@id":"https:\/\/bellissima.net.pl\/salon\/product\/henna-brwi-z-regulacja-x-5\/#primaryimage"},"thumbnailUrl":"https:\/\/bellissima.net.pl\/salon\/wp-content\/uploads\/2022\/06\/henna-brwi.jpg","datePublished":"2022-06-14T23:51:30+00:00","dateModified":"2024-12-10T08:50:20+00:00","description":"Oferujemy Pa\u0144stwu pakiet sk\u0142adaj\u0105cy si\u0119 z pi\u0119ciu zabieg\u00f3w z kosmetyki upi\u0119kszaj\u0105cej. W sk\u0142ad kt\u00f3rego wchodzi wykonanie henny wraz z regulacj\u0105 brwi.","breadcrumb":{"@id":"https:\/\/bellissima.net.pl\/salon\/product\/henna-brwi-z-regulacja-x-5\/#breadcrumb"},"inLanguage":"pl-PL","potentialAction":[{"@type":"ReadAction","target":["https:\/\/bellissima.net.pl\/salon\/product\/henna-brwi-z-regulacja-x-5\/"]}]},{"@type":"ImageObject","inLanguage":"pl-PL","@id":"https:\/\/bellissima.net.pl\/salon\/product\/henna-brwi-z-regulacja-x-5\/#primaryimage","url":"https:\/\/bellissima.net.pl\/salon\/wp-content\/uploads\/2022\/06\/henna-brwi.jpg","contentUrl":"https:\/\/bellissima.net.pl\/salon\/wp-content\/uploads\/2022\/06\/henna-brwi.jpg","width":620,"height":465},{"@type":"BreadcrumbList","@id":"https:\/\/bellissima.net.pl\/salon\/product\/henna-brwi-z-regulacja-x-5\/#breadcrumb","itemListElement":[{"@type":"ListItem","position":1,"name":"Strona g\u0142\u00f3wna","item":"https:\/\/bellissima.net.pl\/salon\/"},{"@type":"ListItem","position":2,"name":"Kup zaproszenie","item":"https:\/\/bellissima.net.pl\/salon\/kup-zaproszenie\/"},{"@type":"ListItem","position":3,"name":"Henna brwi z regulacj\u0105 x5"}]},{"@type":"WebSite","@id":"https:\/\/bellissima.net.pl\/salon\/#website","url":"https:\/\/bellissima.net.pl\/salon\/","name":"Salon Pi\u0119kno\u015bci ~~Bellissima~~","description":"Beata Chrz\u0105stek","publisher":{"@id":"https:\/\/bellissima.net.pl\/salon\/#organization"},"potentialAction":[{"@type":"SearchAction","target":{"@type":"EntryPoint","urlTemplate":"https:\/\/bellissima.net.pl\/salon\/?s={search_term_string}"},"query-input":{"@type":"PropertyValueSpecification","valueRequired":true,"valueName":"search_term_string"}}],"inLanguage":"pl-PL"},{"@type":"Organization","@id":"https:\/\/bellissima.net.pl\/salon\/#organization","name":"Salon Pi\u0119kno\u015bci Bellissima - Beata Chrz\u0105stek","url":"https:\/\/bellissima.net.pl\/salon\/","logo":{"@type":"ImageObject","inLanguage":"pl-PL","@id":"https:\/\/bellissima.net.pl\/salon\/#\/schema\/logo\/image\/","url":"https:\/\/bellissima.net.pl\/salon\/wp-content\/uploads\/2022\/04\/log-black-2-1.png","contentUrl":"https:\/\/bellissima.net.pl\/salon\/wp-content\/uploads\/2022\/04\/log-black-2-1.png","width":250,"height":108,"caption":"Salon Pi\u0119kno\u015bci Bellissima - Beata Chrz\u0105stek"},"image":{"@id":"https:\/\/bellissima.net.pl\/salon\/#\/schema\/logo\/image\/"},"sameAs":["https:\/\/www.facebook.com\/bellissima.salon.pieknosci","https:\/\/www.instagram.com\/bellissima_salon_pieknosci\/"]}]}},"jetpack_sharing_enabled":true,"_links":{"self":[{"href":"https:\/\/bellissima.net.pl\/salon\/wp-json\/wp\/v2\/product\/32870","targetHints":{"allow":["GET"]}}],"collection":[{"href":"https:\/\/bellissima.net.pl\/salon\/wp-json\/wp\/v2\/product"}],"about":[{"href":"https:\/\/bellissima.net.pl\/salon\/wp-json\/wp\/v2\/types\/product"}],"wp:featuredmedia":[{"embeddable":true,"href":"https:\/\/bellissima.net.pl\/salon\/wp-json\/wp\/v2\/media\/32871"}],"wp:attachment":[{"href":"https:\/\/bellissima.net.pl\/salon\/wp-json\/wp\/v2\/media?parent=32870"}],"wp:term":[{"taxonomy":"product_brand","embeddable":true,"href":"https:\/\/bellissima.net.pl\/salon\/wp-json\/wp\/v2\/product_brand?post=32870"},{"taxonomy":"product_cat","embeddable":true,"href":"https:\/\/bellissima.net.pl\/salon\/wp-json\/wp\/v2\/product_cat?post=32870"},{"taxonomy":"product_tag","embeddable":true,"href":"https:\/\/bellissima.net.pl\/salon\/wp-json\/wp\/v2\/product_tag?post=32870"}],"curies":[{"name":"wp","href":"https:\/\/api.w.org\/{rel}","templated":true}]}}