{"id":32670,"date":"2022-05-30T18:50:13","date_gmt":"2022-05-30T16:50:13","guid":{"rendered":"https:\/\/bellissima.net.pl\/salon_2022\/?post_type=product&#038;p=32670"},"modified":"2022-10-31T10:53:26","modified_gmt":"2022-10-31T09:53:26","slug":"zaproszenie-elektroniczne","status":"publish","type":"product","link":"https:\/\/bellissima.net.pl\/salon\/product\/zaproszenie-elektroniczne\/","title":{"rendered":"Zaproszenie elektroniczne"},"content":{"rendered":"<p><span class=\"dl-text\"><span class=\"dl-nowrap\"> 1. <\/span><\/span><span class=\"dl-text\"><span class=\"dl-nowrap\">Us\u0142ugi mo\u017cna realizowa\u0107 podczas jednej lub kilku wizyt. <\/span><\/span><\/p>\n<p><span class=\"dl-text\"><span class=\"dl-nowrap\">2. Zaproszenie nie podlega zwrotowi, ani wymianie na got\u00f3wk\u0119. <\/span><\/span><\/p>\n<p><span class=\"dl-text\"><span class=\"dl-nowrap\">3. Nie ma mo\u017cliwo\u015bci wydawania reszty w got\u00f3wce z zaproszenia, kt\u00f3re opiewa na kwot\u0119 wy\u017csz\u0105 ni\u017c warto\u015b\u0107 wykorzystanych us\u0142ug. <\/span><\/span><\/p>\n<p><span class=\"dl-text\"><span class=\"dl-nowrap\">4. Zgodnie z \u017cyczeniem osoba obdarowana mo\u017ce dop\u0142aci\u0107 do zaproszenia, je\u017celi warto\u015b\u0107 us\u0142ug, z kt\u00f3rych chce skorzysta\u0107 opiewa na kwot\u0119 wy\u017csz\u0105 ni\u017c warto\u015b\u0107 zaproszenia. <\/span><\/span><\/p>\n<p><span class=\"dl-text\"><span class=\"dl-nowrap\">5. Zaproszenia imienne mog\u0105 by\u0107 przeniesione na inn\u0105 osob\u0119. <\/span><\/span><\/p>\n<p><span class=\"dl-text\"><span class=\"dl-nowrap\">6. Zaproszenia na wybrane us\u0142ugi lub pakiety us\u0142ug mo\u017cna wymieni\u0107 na wszystkie inne us\u0142ugi z oferty Salonu Pi\u0119kno\u015bci Bellissima.<\/span><\/span><\/p>\n","protected":false},"excerpt":{"rendered":"<p><span class=\"dl-text\"><span class=\"dl-nowrap\">Zaproszenie mo\u017cna wykorzysta\u0107 na dowolne zabiegi z oferty Salonu Pi\u0119kno\u015bci Bellissima. <\/span><\/span><\/p>\n<p><span class=\"dl-text\"><span class=\"dl-nowrap\">Czas realizacji do 365 dni.<\/span><\/span><\/p>\n<p>W mailu po zakupie znajduje si\u0119 link do zaproszenia w formie PDF. Link aktywny jest dopiero po op\u0142aceniu zaproszenia.<\/p>\n","protected":false},"featured_media":31487,"template":"","meta":[],"product_brand":[],"product_cat":[593],"product_tag":[],"class_list":{"0":"post-32670","1":"product","2":"type-product","3":"status-publish","4":"has-post-thumbnail","6":"product_cat-zaproszenie","9":"first","10":"instock","11":"shipping-taxable","12":"purchasable","13":"product-type-variable"},"yoast_head":"<!-- This site is optimized with the Yoast SEO plugin v27.4 - https:\/\/yoast.com\/product\/yoast-seo-wordpress\/ -->\n<title>Zaproszenie elektroniczne - Salon Pi\u0119kno\u015bci ~~Bellissima~~<\/title>\n<meta name=\"description\" content=\"Kup zaproszenie na zabiegi w naszym Salonie i spraw bliskiej osobie prezent. Oferujemy du\u017c\u0105 elastyczno\u015b\u0107 w sposobie realizacji zaprosze\u0144.\" \/>\n<meta name=\"robots\" content=\"index, follow, max-snippet:-1, max-image-preview:large, max-video-preview:-1\" \/>\n<link rel=\"canonical\" href=\"https:\/\/bellissima.net.pl\/salon\/product\/zaproszenie-elektroniczne\/\" \/>\n<meta property=\"og:locale\" content=\"pl_PL\" \/>\n<meta property=\"og:type\" content=\"article\" \/>\n<meta property=\"og:title\" content=\"Zaproszenie elektroniczne - Salon Pi\u0119kno\u015bci ~~Bellissima~~\" \/>\n<meta property=\"og:description\" content=\"Kup zaproszenie na zabiegi w naszym Salonie i spraw bliskiej osobie prezent. Oferujemy du\u017c\u0105 elastyczno\u015b\u0107 w sposobie realizacji zaprosze\u0144.\" \/>\n<meta property=\"og:url\" content=\"https:\/\/bellissima.net.pl\/salon\/product\/zaproszenie-elektroniczne\/\" \/>\n<meta property=\"og:site_name\" content=\"Salon Pi\u0119kno\u015bci ~~Bellissima~~\" \/>\n<meta property=\"article:publisher\" content=\"https:\/\/www.facebook.com\/bellissima.salon.pieknosci\" \/>\n<meta property=\"article:modified_time\" content=\"2022-10-31T09:53:26+00:00\" \/>\n<meta property=\"og:image\" content=\"https:\/\/bellissima.net.pl\/salon\/wp-content\/uploads\/2022\/05\/zaproszenie_strona_new.jpg\" \/>\n\t<meta property=\"og:image:width\" content=\"2500\" \/>\n\t<meta property=\"og:image:height\" content=\"1691\" \/>\n\t<meta property=\"og:image:type\" content=\"image\/jpeg\" \/>\n<meta name=\"twitter:card\" content=\"summary_large_image\" \/>\n<meta name=\"twitter:label1\" content=\"Szacowany czas czytania\" \/>\n\t<meta name=\"twitter:data1\" content=\"1 minuta\" \/>\n<script type=\"application\/ld+json\" class=\"yoast-schema-graph\">{\"@context\":\"https:\\\/\\\/schema.org\",\"@graph\":[{\"@type\":\"WebPage\",\"@id\":\"https:\\\/\\\/bellissima.net.pl\\\/salon\\\/product\\\/zaproszenie-elektroniczne\\\/\",\"url\":\"https:\\\/\\\/bellissima.net.pl\\\/salon\\\/product\\\/zaproszenie-elektroniczne\\\/\",\"name\":\"Zaproszenie elektroniczne - Salon Pi\u0119kno\u015bci ~~Bellissima~~\",\"isPartOf\":{\"@id\":\"https:\\\/\\\/bellissima.net.pl\\\/salon\\\/#website\"},\"primaryImageOfPage\":{\"@id\":\"https:\\\/\\\/bellissima.net.pl\\\/salon\\\/product\\\/zaproszenie-elektroniczne\\\/#primaryimage\"},\"image\":{\"@id\":\"https:\\\/\\\/bellissima.net.pl\\\/salon\\\/product\\\/zaproszenie-elektroniczne\\\/#primaryimage\"},\"thumbnailUrl\":\"https:\\\/\\\/bellissima.net.pl\\\/salon\\\/wp-content\\\/uploads\\\/2022\\\/05\\\/zaproszenie_strona_new.jpg\",\"datePublished\":\"2022-05-30T16:50:13+00:00\",\"dateModified\":\"2022-10-31T09:53:26+00:00\",\"description\":\"Kup zaproszenie na zabiegi w naszym Salonie i spraw bliskiej osobie prezent. Oferujemy du\u017c\u0105 elastyczno\u015b\u0107 w sposobie realizacji zaprosze\u0144.\",\"breadcrumb\":{\"@id\":\"https:\\\/\\\/bellissima.net.pl\\\/salon\\\/product\\\/zaproszenie-elektroniczne\\\/#breadcrumb\"},\"inLanguage\":\"pl-PL\",\"potentialAction\":[{\"@type\":\"ReadAction\",\"target\":[\"https:\\\/\\\/bellissima.net.pl\\\/salon\\\/product\\\/zaproszenie-elektroniczne\\\/\"]}]},{\"@type\":\"ImageObject\",\"inLanguage\":\"pl-PL\",\"@id\":\"https:\\\/\\\/bellissima.net.pl\\\/salon\\\/product\\\/zaproszenie-elektroniczne\\\/#primaryimage\",\"url\":\"https:\\\/\\\/bellissima.net.pl\\\/salon\\\/wp-content\\\/uploads\\\/2022\\\/05\\\/zaproszenie_strona_new.jpg\",\"contentUrl\":\"https:\\\/\\\/bellissima.net.pl\\\/salon\\\/wp-content\\\/uploads\\\/2022\\\/05\\\/zaproszenie_strona_new.jpg\",\"width\":2500,\"height\":1691,\"caption\":\"Salon Pi\u0119kno\u015bci Bellissima - zaproszenie\"},{\"@type\":\"BreadcrumbList\",\"@id\":\"https:\\\/\\\/bellissima.net.pl\\\/salon\\\/product\\\/zaproszenie-elektroniczne\\\/#breadcrumb\",\"itemListElement\":[{\"@type\":\"ListItem\",\"position\":1,\"name\":\"Strona g\u0142\u00f3wna\",\"item\":\"https:\\\/\\\/bellissima.net.pl\\\/salon\\\/\"},{\"@type\":\"ListItem\",\"position\":2,\"name\":\"Kup zaproszenie\",\"item\":\"https:\\\/\\\/bellissima.net.pl\\\/salon\\\/kup-zaproszenie\\\/\"},{\"@type\":\"ListItem\",\"position\":3,\"name\":\"Zaproszenie elektroniczne\"}]},{\"@type\":\"WebSite\",\"@id\":\"https:\\\/\\\/bellissima.net.pl\\\/salon\\\/#website\",\"url\":\"https:\\\/\\\/bellissima.net.pl\\\/salon\\\/\",\"name\":\"Salon Pi\u0119kno\u015bci ~~Bellissima~~\",\"description\":\"Beata Chrz\u0105stek\",\"publisher\":{\"@id\":\"https:\\\/\\\/bellissima.net.pl\\\/salon\\\/#organization\"},\"potentialAction\":[{\"@type\":\"SearchAction\",\"target\":{\"@type\":\"EntryPoint\",\"urlTemplate\":\"https:\\\/\\\/bellissima.net.pl\\\/salon\\\/?s={search_term_string}\"},\"query-input\":{\"@type\":\"PropertyValueSpecification\",\"valueRequired\":true,\"valueName\":\"search_term_string\"}}],\"inLanguage\":\"pl-PL\"},{\"@type\":\"Organization\",\"@id\":\"https:\\\/\\\/bellissima.net.pl\\\/salon\\\/#organization\",\"name\":\"Salon Pi\u0119kno\u015bci Bellissima - Beata Chrz\u0105stek\",\"url\":\"https:\\\/\\\/bellissima.net.pl\\\/salon\\\/\",\"logo\":{\"@type\":\"ImageObject\",\"inLanguage\":\"pl-PL\",\"@id\":\"https:\\\/\\\/bellissima.net.pl\\\/salon\\\/#\\\/schema\\\/logo\\\/image\\\/\",\"url\":\"https:\\\/\\\/bellissima.net.pl\\\/salon\\\/wp-content\\\/uploads\\\/2022\\\/04\\\/log-black-2-1.png\",\"contentUrl\":\"https:\\\/\\\/bellissima.net.pl\\\/salon\\\/wp-content\\\/uploads\\\/2022\\\/04\\\/log-black-2-1.png\",\"width\":250,\"height\":108,\"caption\":\"Salon Pi\u0119kno\u015bci Bellissima - Beata Chrz\u0105stek\"},\"image\":{\"@id\":\"https:\\\/\\\/bellissima.net.pl\\\/salon\\\/#\\\/schema\\\/logo\\\/image\\\/\"},\"sameAs\":[\"https:\\\/\\\/www.facebook.com\\\/bellissima.salon.pieknosci\",\"https:\\\/\\\/www.instagram.com\\\/bellissima_salon_pieknosci\\\/\"]}]}<\/script>\n<!-- \/ Yoast SEO plugin. -->","yoast_head_json":{"title":"Zaproszenie elektroniczne - Salon Pi\u0119kno\u015bci ~~Bellissima~~","description":"Kup zaproszenie na zabiegi w naszym Salonie i spraw bliskiej osobie prezent. Oferujemy du\u017c\u0105 elastyczno\u015b\u0107 w sposobie realizacji zaprosze\u0144.","robots":{"index":"index","follow":"follow","max-snippet":"max-snippet:-1","max-image-preview":"max-image-preview:large","max-video-preview":"max-video-preview:-1"},"canonical":"https:\/\/bellissima.net.pl\/salon\/product\/zaproszenie-elektroniczne\/","og_locale":"pl_PL","og_type":"article","og_title":"Zaproszenie elektroniczne - Salon Pi\u0119kno\u015bci ~~Bellissima~~","og_description":"Kup zaproszenie na zabiegi w naszym Salonie i spraw bliskiej osobie prezent. Oferujemy du\u017c\u0105 elastyczno\u015b\u0107 w sposobie realizacji zaprosze\u0144.","og_url":"https:\/\/bellissima.net.pl\/salon\/product\/zaproszenie-elektroniczne\/","og_site_name":"Salon Pi\u0119kno\u015bci ~~Bellissima~~","article_publisher":"https:\/\/www.facebook.com\/bellissima.salon.pieknosci","article_modified_time":"2022-10-31T09:53:26+00:00","og_image":[{"width":2500,"height":1691,"url":"https:\/\/bellissima.net.pl\/salon\/wp-content\/uploads\/2022\/05\/zaproszenie_strona_new.jpg","type":"image\/jpeg"}],"twitter_card":"summary_large_image","twitter_misc":{"Szacowany czas czytania":"1 minuta"},"schema":{"@context":"https:\/\/schema.org","@graph":[{"@type":"WebPage","@id":"https:\/\/bellissima.net.pl\/salon\/product\/zaproszenie-elektroniczne\/","url":"https:\/\/bellissima.net.pl\/salon\/product\/zaproszenie-elektroniczne\/","name":"Zaproszenie elektroniczne - Salon Pi\u0119kno\u015bci ~~Bellissima~~","isPartOf":{"@id":"https:\/\/bellissima.net.pl\/salon\/#website"},"primaryImageOfPage":{"@id":"https:\/\/bellissima.net.pl\/salon\/product\/zaproszenie-elektroniczne\/#primaryimage"},"image":{"@id":"https:\/\/bellissima.net.pl\/salon\/product\/zaproszenie-elektroniczne\/#primaryimage"},"thumbnailUrl":"https:\/\/bellissima.net.pl\/salon\/wp-content\/uploads\/2022\/05\/zaproszenie_strona_new.jpg","datePublished":"2022-05-30T16:50:13+00:00","dateModified":"2022-10-31T09:53:26+00:00","description":"Kup zaproszenie na zabiegi w naszym Salonie i spraw bliskiej osobie prezent. Oferujemy du\u017c\u0105 elastyczno\u015b\u0107 w sposobie realizacji zaprosze\u0144.","breadcrumb":{"@id":"https:\/\/bellissima.net.pl\/salon\/product\/zaproszenie-elektroniczne\/#breadcrumb"},"inLanguage":"pl-PL","potentialAction":[{"@type":"ReadAction","target":["https:\/\/bellissima.net.pl\/salon\/product\/zaproszenie-elektroniczne\/"]}]},{"@type":"ImageObject","inLanguage":"pl-PL","@id":"https:\/\/bellissima.net.pl\/salon\/product\/zaproszenie-elektroniczne\/#primaryimage","url":"https:\/\/bellissima.net.pl\/salon\/wp-content\/uploads\/2022\/05\/zaproszenie_strona_new.jpg","contentUrl":"https:\/\/bellissima.net.pl\/salon\/wp-content\/uploads\/2022\/05\/zaproszenie_strona_new.jpg","width":2500,"height":1691,"caption":"Salon Pi\u0119kno\u015bci Bellissima - zaproszenie"},{"@type":"BreadcrumbList","@id":"https:\/\/bellissima.net.pl\/salon\/product\/zaproszenie-elektroniczne\/#breadcrumb","itemListElement":[{"@type":"ListItem","position":1,"name":"Strona g\u0142\u00f3wna","item":"https:\/\/bellissima.net.pl\/salon\/"},{"@type":"ListItem","position":2,"name":"Kup zaproszenie","item":"https:\/\/bellissima.net.pl\/salon\/kup-zaproszenie\/"},{"@type":"ListItem","position":3,"name":"Zaproszenie elektroniczne"}]},{"@type":"WebSite","@id":"https:\/\/bellissima.net.pl\/salon\/#website","url":"https:\/\/bellissima.net.pl\/salon\/","name":"Salon Pi\u0119kno\u015bci ~~Bellissima~~","description":"Beata Chrz\u0105stek","publisher":{"@id":"https:\/\/bellissima.net.pl\/salon\/#organization"},"potentialAction":[{"@type":"SearchAction","target":{"@type":"EntryPoint","urlTemplate":"https:\/\/bellissima.net.pl\/salon\/?s={search_term_string}"},"query-input":{"@type":"PropertyValueSpecification","valueRequired":true,"valueName":"search_term_string"}}],"inLanguage":"pl-PL"},{"@type":"Organization","@id":"https:\/\/bellissima.net.pl\/salon\/#organization","name":"Salon Pi\u0119kno\u015bci Bellissima - Beata Chrz\u0105stek","url":"https:\/\/bellissima.net.pl\/salon\/","logo":{"@type":"ImageObject","inLanguage":"pl-PL","@id":"https:\/\/bellissima.net.pl\/salon\/#\/schema\/logo\/image\/","url":"https:\/\/bellissima.net.pl\/salon\/wp-content\/uploads\/2022\/04\/log-black-2-1.png","contentUrl":"https:\/\/bellissima.net.pl\/salon\/wp-content\/uploads\/2022\/04\/log-black-2-1.png","width":250,"height":108,"caption":"Salon Pi\u0119kno\u015bci Bellissima - Beata Chrz\u0105stek"},"image":{"@id":"https:\/\/bellissima.net.pl\/salon\/#\/schema\/logo\/image\/"},"sameAs":["https:\/\/www.facebook.com\/bellissima.salon.pieknosci","https:\/\/www.instagram.com\/bellissima_salon_pieknosci\/"]}]}},"jetpack_sharing_enabled":true,"_links":{"self":[{"href":"https:\/\/bellissima.net.pl\/salon\/wp-json\/wp\/v2\/product\/32670","targetHints":{"allow":["GET"]}}],"collection":[{"href":"https:\/\/bellissima.net.pl\/salon\/wp-json\/wp\/v2\/product"}],"about":[{"href":"https:\/\/bellissima.net.pl\/salon\/wp-json\/wp\/v2\/types\/product"}],"wp:featuredmedia":[{"embeddable":true,"href":"https:\/\/bellissima.net.pl\/salon\/wp-json\/wp\/v2\/media\/31487"}],"wp:attachment":[{"href":"https:\/\/bellissima.net.pl\/salon\/wp-json\/wp\/v2\/media?parent=32670"}],"wp:term":[{"taxonomy":"product_brand","embeddable":true,"href":"https:\/\/bellissima.net.pl\/salon\/wp-json\/wp\/v2\/product_brand?post=32670"},{"taxonomy":"product_cat","embeddable":true,"href":"https:\/\/bellissima.net.pl\/salon\/wp-json\/wp\/v2\/product_cat?post=32670"},{"taxonomy":"product_tag","embeddable":true,"href":"https:\/\/bellissima.net.pl\/salon\/wp-json\/wp\/v2\/product_tag?post=32670"}],"curies":[{"name":"wp","href":"https:\/\/api.w.org\/{rel}","templated":true}]}}