{"id":31634,"date":"2022-05-02T15:30:00","date_gmt":"2022-05-02T13:30:00","guid":{"rendered":"https:\/\/bellissima.net.pl\/salon_2022\/?page_id=31634"},"modified":"2022-06-18T18:01:17","modified_gmt":"2022-06-18T16:01:17","slug":"kontakt","status":"publish","type":"page","link":"https:\/\/bellissima.net.pl\/salon\/kontakt\/","title":{"rendered":"Kontakt"},"content":{"rendered":"\t\t<div data-elementor-type=\"wp-page\" data-elementor-id=\"31634\" class=\"elementor elementor-31634\" data-elementor-post-type=\"page\">\n\t\t\t\t\t\t<section class=\"elementor-section elementor-top-section elementor-element elementor-element-3724f34 elementor-section-boxed elementor-section-height-default elementor-section-height-default\" data-id=\"3724f34\" data-element_type=\"section\" data-e-type=\"section\">\n\t\t\t\t\t\t<div class=\"elementor-container elementor-column-gap-no\">\n\t\t\t\t\t<div class=\"elementor-column elementor-col-100 elementor-top-column elementor-element elementor-element-9b8c152\" data-id=\"9b8c152\" data-element_type=\"column\" data-e-type=\"column\">\n\t\t\t<div class=\"elementor-widget-wrap elementor-element-populated\">\n\t\t\t\t\t\t<div class=\"elementor-element elementor-element-e42573f lte-contacts-icons elementor-widget elementor-widget-lte-icons\" data-id=\"e42573f\" data-element_type=\"widget\" data-e-type=\"widget\" data-widget_type=\"lte-icons.default\">\n\t\t\t\t<div class=\"elementor-widget-container\">\n\t\t\t\t\t<ul class=\"lte-block-icon has-descr  icons-count-4 lte-icon-space-sm lte-icon-shape-circle lte-icon-background-main lte-icon-border-disabled lte-icon-color-white lte-icon-divider-dashed lte-icon-inner-padding- lte-icon-padding-disabled lte-icon-size-medium lte-header-color-main lte-icon-type-top lte-icon-align- layout-cols4 lte-additional-\"><li class=\" col-lg-3 col-md-3 col-sm-6 col-ms-6 col-xs-12\"><div   class=\"lte-inner\"><i aria-hidden=\"true\" class=\"icon icon-placeholder\"><\/i><span class=\"lte-icon-content\"> <span class=\"lte-header lte-h6\"> Lokalizacja <\/span> <span class=\"lte-descr\">ul. Zag\u00f3rska 22\/22<br \/>\n25-355 Kielce<\/span><\/span><\/div><\/li><li class=\" col-lg-3 col-md-3 col-sm-6 col-ms-6 col-xs-12\"><div   class=\"lte-inner\"><i aria-hidden=\"true\" class=\"icon icon-call-1\"><\/i><span class=\"lte-icon-content\"> <span class=\"lte-header lte-h6\"> Telefon <\/span> <span class=\"lte-descr\">41 360 00 07<br \/>\n<\/span><\/span><\/div><\/li><li class=\" col-lg-3 col-md-3 col-sm-6 col-ms-6 col-xs-12\"><div   class=\"lte-inner\"><i aria-hidden=\"true\" class=\"icon icon-email\"><\/i><span class=\"lte-icon-content\"> <span class=\"lte-header lte-h6\"> Email <\/span> <span class=\"lte-descr\">bellissima@bellissima.net.pl<\/span><\/span><\/div><\/li><li class=\" col-lg-3 col-md-3 col-sm-6 col-ms-6 col-xs-12\"><div   class=\"lte-inner\"><i aria-hidden=\"true\" class=\"icon icon-time\"><\/i><span class=\"lte-icon-content\"> <span class=\"lte-header lte-h6\"> Godziny pracy <\/span> <span class=\"lte-descr\">Poniedzia\u0142ek - Pi\u0105tek<br \/>\n9:00 -  19:00 <br \/>\nSobota<br \/>\n9:00 - 14:00<\/span><\/span><\/div><\/li><\/ul>\t\t\t\t<\/div>\n\t\t\t\t<\/div>\n\t\t\t\t\t<\/div>\n\t\t<\/div>\n\t\t\t\t\t<\/div>\n\t\t<\/section>\n\t\t\t\t<section class=\"elementor-section elementor-top-section elementor-element elementor-element-092bdc6 elementor-section-boxed elementor-section-height-default elementor-section-height-default\" data-id=\"092bdc6\" data-element_type=\"section\" data-e-type=\"section\">\n\t\t\t\t\t\t<div class=\"elementor-container elementor-column-gap-default\">\n\t\t\t\t\t<div class=\"elementor-column elementor-col-100 elementor-top-column elementor-element elementor-element-88dc597\" data-id=\"88dc597\" data-element_type=\"column\" data-e-type=\"column\">\n\t\t\t<div class=\"elementor-widget-wrap\">\n\t\t\t\t\t\t\t<\/div>\n\t\t<\/div>\n\t\t\t\t\t<\/div>\n\t\t<\/section>\n\t\t\t\t<section class=\"elementor-section elementor-top-section elementor-element elementor-element-3c60829 elementor-section-boxed elementor-section-height-default elementor-section-height-default\" data-id=\"3c60829\" data-element_type=\"section\" data-e-type=\"section\">\n\t\t\t\t\t\t<div class=\"elementor-container elementor-column-gap-default\">\n\t\t\t\t\t<div class=\"elementor-column elementor-col-100 elementor-top-column elementor-element elementor-element-dfc2a84\" data-id=\"dfc2a84\" data-element_type=\"column\" data-e-type=\"column\">\n\t\t\t<div class=\"elementor-widget-wrap elementor-element-populated\">\n\t\t\t\t\t\t<div class=\"elementor-element elementor-element-caaaa05 elementor-widget elementor-widget-lte-googlemaps\" data-id=\"caaaa05\" data-element_type=\"widget\" data-e-type=\"widget\" data-widget_type=\"lte-googlemaps.default\">\n\t\t\t\t<div class=\"elementor-widget-container\">\n\t\t\t\t\t<div id=\"lte-google-map-435045058\" data-marker=\"https:\/\/bellissima.net.pl\/salon\/wp-content\/themes\/atura\/assets\/images\/location.png\" class=\"lte-google-maps\" data-lng=\"20.64053\"\t data-lat=\"50.86693\" data-zoom=\"17\" style=\"width: 100%; height: 467px;\"><\/div>\t\t\t\t<\/div>\n\t\t\t\t<\/div>\n\t\t\t\t<div class=\"elementor-element elementor-element-abea02b elementor-widget elementor-widget-spacer\" data-id=\"abea02b\" data-element_type=\"widget\" data-e-type=\"widget\" data-widget_type=\"spacer.default\">\n\t\t\t\t<div class=\"elementor-widget-container\">\n\t\t\t\t\t\t\t<div class=\"elementor-spacer\">\n\t\t\t<div class=\"elementor-spacer-inner\"><\/div>\n\t\t<\/div>\n\t\t\t\t\t\t<\/div>\n\t\t\t\t<\/div>\n\t\t\t\t\t<\/div>\n\t\t<\/div>\n\t\t\t\t\t<\/div>\n\t\t<\/section>\n\t\t\t\t<section class=\"elementor-section elementor-top-section elementor-element elementor-element-b9e94c2 elementor-section-boxed elementor-section-height-default elementor-section-height-default\" data-id=\"b9e94c2\" data-element_type=\"section\" data-e-type=\"section\">\n\t\t\t\t\t\t<div class=\"elementor-container elementor-column-gap-default\">\n\t\t\t\t\t<div class=\"elementor-column elementor-col-100 elementor-top-column elementor-element elementor-element-6e4317e\" data-id=\"6e4317e\" data-element_type=\"column\" data-e-type=\"column\">\n\t\t\t<div class=\"elementor-widget-wrap\">\n\t\t\t\t\t\t\t<\/div>\n\t\t<\/div>\n\t\t\t\t\t<\/div>\n\t\t<\/section>\n\t\t\t\t<\/div>\n\t\t","protected":false},"excerpt":{"rendered":"<p>Lokalizacja ul. Zag\u00f3rska 22\/22 25-355 Kielce Telefon 41 360 00 07 Email bellissima@bellissima.net.pl Godziny pracy Poniedzia\u0142ek &#8211; Pi\u0105tek 9:00 &#8211; 19:00 Sobota 9:00 &#8211; 14:00<\/p>\n","protected":false},"author":1,"featured_media":0,"parent":0,"menu_order":0,"comment_status":"closed","ping_status":"closed","template":"","meta":{"footnotes":""},"class_list":["post-31634","page","type-page","status-publish","hentry"],"yoast_head":"<!-- This site is optimized with the Yoast SEO plugin v27.4 - https:\/\/yoast.com\/product\/yoast-seo-wordpress\/ -->\n<title>Kontakt - Salon Pi\u0119kno\u015bci ~~Bellissima~~<\/title>\n<meta name=\"description\" content=\"Skontaktuj si\u0119 z nami lub um\u00f3w wizyt\u0119 przez Booksy. Poznaj nasze ceny Kontakt Salon Pi\u0119kno\u015bci ~~Bellissima~~\" \/>\n<meta name=\"robots\" content=\"index, follow, max-snippet:-1, max-image-preview:large, max-video-preview:-1\" \/>\n<link rel=\"canonical\" href=\"https:\/\/bellissima.net.pl\/salon\/kontakt\/\" \/>\n<meta property=\"og:locale\" content=\"pl_PL\" \/>\n<meta property=\"og:type\" content=\"article\" \/>\n<meta property=\"og:title\" content=\"Kontakt - Salon Pi\u0119kno\u015bci ~~Bellissima~~\" \/>\n<meta property=\"og:description\" content=\"Skontaktuj si\u0119 z nami lub um\u00f3w wizyt\u0119 przez Booksy. Poznaj nasze ceny Kontakt Salon Pi\u0119kno\u015bci ~~Bellissima~~\" \/>\n<meta property=\"og:url\" content=\"https:\/\/bellissima.net.pl\/salon\/kontakt\/\" \/>\n<meta property=\"og:site_name\" content=\"Salon Pi\u0119kno\u015bci ~~Bellissima~~\" \/>\n<meta property=\"article:publisher\" content=\"https:\/\/www.facebook.com\/bellissima.salon.pieknosci\" \/>\n<meta property=\"article:modified_time\" content=\"2022-06-18T16:01:17+00:00\" \/>\n<meta property=\"og:image\" content=\"https:\/\/bellissima.net.pl\/salon\/wp-content\/uploads\/2022\/05\/recepcja_nowe.jpg\" \/>\n\t<meta property=\"og:image:width\" content=\"1695\" \/>\n\t<meta property=\"og:image:height\" content=\"2000\" \/>\n\t<meta property=\"og:image:type\" content=\"image\/jpeg\" \/>\n<meta name=\"twitter:card\" content=\"summary_large_image\" \/>\n<script type=\"application\/ld+json\" class=\"yoast-schema-graph\">{\"@context\":\"https:\\\/\\\/schema.org\",\"@graph\":[{\"@type\":[\"WebPage\",\"ContactPage\"],\"@id\":\"https:\\\/\\\/bellissima.net.pl\\\/salon\\\/kontakt\\\/\",\"url\":\"https:\\\/\\\/bellissima.net.pl\\\/salon\\\/kontakt\\\/\",\"name\":\"Kontakt - Salon Pi\u0119kno\u015bci ~~Bellissima~~\",\"isPartOf\":{\"@id\":\"https:\\\/\\\/bellissima.net.pl\\\/salon\\\/#website\"},\"datePublished\":\"2022-05-02T13:30:00+00:00\",\"dateModified\":\"2022-06-18T16:01:17+00:00\",\"description\":\"Skontaktuj si\u0119 z nami lub um\u00f3w wizyt\u0119 przez Booksy. Poznaj nasze ceny Kontakt Salon Pi\u0119kno\u015bci ~~Bellissima~~\",\"breadcrumb\":{\"@id\":\"https:\\\/\\\/bellissima.net.pl\\\/salon\\\/kontakt\\\/#breadcrumb\"},\"inLanguage\":\"pl-PL\",\"potentialAction\":[{\"@type\":\"ReadAction\",\"target\":[\"https:\\\/\\\/bellissima.net.pl\\\/salon\\\/kontakt\\\/\"]}]},{\"@type\":\"BreadcrumbList\",\"@id\":\"https:\\\/\\\/bellissima.net.pl\\\/salon\\\/kontakt\\\/#breadcrumb\",\"itemListElement\":[{\"@type\":\"ListItem\",\"position\":1,\"name\":\"Strona g\u0142\u00f3wna\",\"item\":\"https:\\\/\\\/bellissima.net.pl\\\/salon\\\/\"},{\"@type\":\"ListItem\",\"position\":2,\"name\":\"Kontakt\"}]},{\"@type\":\"WebSite\",\"@id\":\"https:\\\/\\\/bellissima.net.pl\\\/salon\\\/#website\",\"url\":\"https:\\\/\\\/bellissima.net.pl\\\/salon\\\/\",\"name\":\"Salon Pi\u0119kno\u015bci ~~Bellissima~~\",\"description\":\"Beata Chrz\u0105stek\",\"publisher\":{\"@id\":\"https:\\\/\\\/bellissima.net.pl\\\/salon\\\/#organization\"},\"potentialAction\":[{\"@type\":\"SearchAction\",\"target\":{\"@type\":\"EntryPoint\",\"urlTemplate\":\"https:\\\/\\\/bellissima.net.pl\\\/salon\\\/?s={search_term_string}\"},\"query-input\":{\"@type\":\"PropertyValueSpecification\",\"valueRequired\":true,\"valueName\":\"search_term_string\"}}],\"inLanguage\":\"pl-PL\"},{\"@type\":\"Organization\",\"@id\":\"https:\\\/\\\/bellissima.net.pl\\\/salon\\\/#organization\",\"name\":\"Salon Pi\u0119kno\u015bci Bellissima - Beata Chrz\u0105stek\",\"url\":\"https:\\\/\\\/bellissima.net.pl\\\/salon\\\/\",\"logo\":{\"@type\":\"ImageObject\",\"inLanguage\":\"pl-PL\",\"@id\":\"https:\\\/\\\/bellissima.net.pl\\\/salon\\\/#\\\/schema\\\/logo\\\/image\\\/\",\"url\":\"https:\\\/\\\/bellissima.net.pl\\\/salon\\\/wp-content\\\/uploads\\\/2022\\\/04\\\/log-black-2-1.png\",\"contentUrl\":\"https:\\\/\\\/bellissima.net.pl\\\/salon\\\/wp-content\\\/uploads\\\/2022\\\/04\\\/log-black-2-1.png\",\"width\":250,\"height\":108,\"caption\":\"Salon Pi\u0119kno\u015bci Bellissima - Beata Chrz\u0105stek\"},\"image\":{\"@id\":\"https:\\\/\\\/bellissima.net.pl\\\/salon\\\/#\\\/schema\\\/logo\\\/image\\\/\"},\"sameAs\":[\"https:\\\/\\\/www.facebook.com\\\/bellissima.salon.pieknosci\",\"https:\\\/\\\/www.instagram.com\\\/bellissima_salon_pieknosci\\\/\"]}]}<\/script>\n<!-- \/ Yoast SEO plugin. -->","yoast_head_json":{"title":"Kontakt - Salon Pi\u0119kno\u015bci ~~Bellissima~~","description":"Skontaktuj si\u0119 z nami lub um\u00f3w wizyt\u0119 przez Booksy. Poznaj nasze ceny Kontakt Salon Pi\u0119kno\u015bci ~~Bellissima~~","robots":{"index":"index","follow":"follow","max-snippet":"max-snippet:-1","max-image-preview":"max-image-preview:large","max-video-preview":"max-video-preview:-1"},"canonical":"https:\/\/bellissima.net.pl\/salon\/kontakt\/","og_locale":"pl_PL","og_type":"article","og_title":"Kontakt - Salon Pi\u0119kno\u015bci ~~Bellissima~~","og_description":"Skontaktuj si\u0119 z nami lub um\u00f3w wizyt\u0119 przez Booksy. Poznaj nasze ceny Kontakt Salon Pi\u0119kno\u015bci ~~Bellissima~~","og_url":"https:\/\/bellissima.net.pl\/salon\/kontakt\/","og_site_name":"Salon Pi\u0119kno\u015bci ~~Bellissima~~","article_publisher":"https:\/\/www.facebook.com\/bellissima.salon.pieknosci","article_modified_time":"2022-06-18T16:01:17+00:00","og_image":[{"width":1695,"height":2000,"url":"https:\/\/bellissima.net.pl\/salon\/wp-content\/uploads\/2022\/05\/recepcja_nowe.jpg","type":"image\/jpeg"}],"twitter_card":"summary_large_image","schema":{"@context":"https:\/\/schema.org","@graph":[{"@type":["WebPage","ContactPage"],"@id":"https:\/\/bellissima.net.pl\/salon\/kontakt\/","url":"https:\/\/bellissima.net.pl\/salon\/kontakt\/","name":"Kontakt - Salon Pi\u0119kno\u015bci ~~Bellissima~~","isPartOf":{"@id":"https:\/\/bellissima.net.pl\/salon\/#website"},"datePublished":"2022-05-02T13:30:00+00:00","dateModified":"2022-06-18T16:01:17+00:00","description":"Skontaktuj si\u0119 z nami lub um\u00f3w wizyt\u0119 przez Booksy. Poznaj nasze ceny Kontakt Salon Pi\u0119kno\u015bci ~~Bellissima~~","breadcrumb":{"@id":"https:\/\/bellissima.net.pl\/salon\/kontakt\/#breadcrumb"},"inLanguage":"pl-PL","potentialAction":[{"@type":"ReadAction","target":["https:\/\/bellissima.net.pl\/salon\/kontakt\/"]}]},{"@type":"BreadcrumbList","@id":"https:\/\/bellissima.net.pl\/salon\/kontakt\/#breadcrumb","itemListElement":[{"@type":"ListItem","position":1,"name":"Strona g\u0142\u00f3wna","item":"https:\/\/bellissima.net.pl\/salon\/"},{"@type":"ListItem","position":2,"name":"Kontakt"}]},{"@type":"WebSite","@id":"https:\/\/bellissima.net.pl\/salon\/#website","url":"https:\/\/bellissima.net.pl\/salon\/","name":"Salon Pi\u0119kno\u015bci ~~Bellissima~~","description":"Beata Chrz\u0105stek","publisher":{"@id":"https:\/\/bellissima.net.pl\/salon\/#organization"},"potentialAction":[{"@type":"SearchAction","target":{"@type":"EntryPoint","urlTemplate":"https:\/\/bellissima.net.pl\/salon\/?s={search_term_string}"},"query-input":{"@type":"PropertyValueSpecification","valueRequired":true,"valueName":"search_term_string"}}],"inLanguage":"pl-PL"},{"@type":"Organization","@id":"https:\/\/bellissima.net.pl\/salon\/#organization","name":"Salon Pi\u0119kno\u015bci Bellissima - Beata Chrz\u0105stek","url":"https:\/\/bellissima.net.pl\/salon\/","logo":{"@type":"ImageObject","inLanguage":"pl-PL","@id":"https:\/\/bellissima.net.pl\/salon\/#\/schema\/logo\/image\/","url":"https:\/\/bellissima.net.pl\/salon\/wp-content\/uploads\/2022\/04\/log-black-2-1.png","contentUrl":"https:\/\/bellissima.net.pl\/salon\/wp-content\/uploads\/2022\/04\/log-black-2-1.png","width":250,"height":108,"caption":"Salon Pi\u0119kno\u015bci Bellissima - Beata Chrz\u0105stek"},"image":{"@id":"https:\/\/bellissima.net.pl\/salon\/#\/schema\/logo\/image\/"},"sameAs":["https:\/\/www.facebook.com\/bellissima.salon.pieknosci","https:\/\/www.instagram.com\/bellissima_salon_pieknosci\/"]}]}},"jetpack_sharing_enabled":true,"_links":{"self":[{"href":"https:\/\/bellissima.net.pl\/salon\/wp-json\/wp\/v2\/pages\/31634","targetHints":{"allow":["GET"]}}],"collection":[{"href":"https:\/\/bellissima.net.pl\/salon\/wp-json\/wp\/v2\/pages"}],"about":[{"href":"https:\/\/bellissima.net.pl\/salon\/wp-json\/wp\/v2\/types\/page"}],"author":[{"embeddable":true,"href":"https:\/\/bellissima.net.pl\/salon\/wp-json\/wp\/v2\/users\/1"}],"replies":[{"embeddable":true,"href":"https:\/\/bellissima.net.pl\/salon\/wp-json\/wp\/v2\/comments?post=31634"}],"version-history":[{"count":1,"href":"https:\/\/bellissima.net.pl\/salon\/wp-json\/wp\/v2\/pages\/31634\/revisions"}],"predecessor-version":[{"id":31636,"href":"https:\/\/bellissima.net.pl\/salon\/wp-json\/wp\/v2\/pages\/31634\/revisions\/31636"}],"wp:attachment":[{"href":"https:\/\/bellissima.net.pl\/salon\/wp-json\/wp\/v2\/media?parent=31634"}],"curies":[{"name":"wp","href":"https:\/\/api.w.org\/{rel}","templated":true}]}}